{"id":10392,"date":"2021-07-09T17:39:58","date_gmt":"2021-07-09T15:39:58","guid":{"rendered":"https:\/\/www.kapcode.fr\/?page_id=10392"},"modified":"2022-11-10T15:50:30","modified_gmt":"2022-11-10T14:50:30","slug":"cgu","status":"publish","type":"page","link":"https:\/\/www.kapcode.fr\/en\/tcu\/","title":{"rendered":"Terms and conditions of use"},"content":{"rendered":"<div data-elementor-type=\"wp-page\" data-elementor-id=\"10392\" class=\"elementor elementor-10392\" data-elementor-post-type=\"page\">\n\t\t\t\t\t\t<section class=\"elementor-section elementor-top-section elementor-element elementor-element-726bdf46 elementor-section-boxed elementor-section-height-default elementor-section-height-default\" data-id=\"726bdf46\" data-element_type=\"section\" data-e-type=\"section\">\n\t\t\t\t\t\t<div class=\"elementor-container elementor-column-gap-no\">\n\t\t\t\t\t<div class=\"elementor-column elementor-col-100 elementor-top-column elementor-element elementor-element-164c2e61\" data-id=\"164c2e61\" data-element_type=\"column\" data-e-type=\"column\">\n\t\t\t<div class=\"elementor-widget-wrap elementor-element-populated\">\n\t\t\t\t\t\t<div class=\"elementor-element elementor-element-aed1d2e elementor-widget elementor-widget-shortcode\" data-id=\"aed1d2e\" data-element_type=\"widget\" data-e-type=\"widget\" data-widget_type=\"shortcode.default\">\n\t\t\t\t<div class=\"elementor-widget-container\">\n\t\t\t\t\t\t\t<div class=\"elementor-shortcode\"><div class=\"ast-breadcrumbs-wrapper\">\n\t\t\t<div class=\"ast-breadcrumbs-inner\"><nav role=\"navigation\" aria-label=\"Breadcrumbs\" class=\"breadcrumb-trail breadcrumbs\" ><div class=\"ast-breadcrumbs\"><ul class=\"trail-items\" ><li  class=\"trail-item trail-end\"><span><a href=\"https:\/\/www.kapcode.fr\/en\/\" rel=\"home\"><span >Home<\/span><\/a><\/span><\/li><\/ul><\/div><\/nav><\/div>\n\t\t<\/div><\/div>\n\t\t\t\t\t\t<\/div>\n\t\t\t\t<\/div>\n\t\t\t\t\t<\/div>\n\t\t<\/div>\n\t\t\t\t\t<\/div>\n\t\t<\/section>\n\t\t\t\t<section class=\"elementor-section elementor-top-section elementor-element elementor-element-5512fcd elementor-section-boxed elementor-section-height-default elementor-section-height-default\" data-id=\"5512fcd\" data-element_type=\"section\" data-e-type=\"section\">\n\t\t\t\t\t\t<div class=\"elementor-container elementor-column-gap-no\">\n\t\t\t\t\t<div class=\"elementor-column elementor-col-100 elementor-top-column elementor-element elementor-element-b42d8b7\" data-id=\"b42d8b7\" data-element_type=\"column\" data-e-type=\"column\">\n\t\t\t<div class=\"elementor-widget-wrap elementor-element-populated\">\n\t\t\t\t\t\t\t<\/div>\n\t\t<\/div>\n\t\t\t\t\t<\/div>\n\t\t<\/section>\n\t\t\t\t<section class=\"elementor-section elementor-top-section elementor-element elementor-element-7e0862d elementor-section-boxed elementor-section-height-default elementor-section-height-default\" data-id=\"7e0862d\" data-element_type=\"section\" data-e-type=\"section\">\n\t\t\t\t\t\t<div class=\"elementor-container elementor-column-gap-no\">\n\t\t\t\t\t<div class=\"elementor-column elementor-col-100 elementor-top-column elementor-element elementor-element-2bc20f1\" data-id=\"2bc20f1\" data-element_type=\"column\" data-e-type=\"column\">\n\t\t\t<div class=\"elementor-widget-wrap elementor-element-populated\">\n\t\t\t\t\t\t<div class=\"elementor-element elementor-element-61c4853 elementor-widget elementor-widget-text-editor\" data-id=\"61c4853\" data-element_type=\"widget\" data-e-type=\"widget\" data-widget_type=\"text-editor.default\">\n\t\t\t\t<div class=\"elementor-widget-container\">\n\t\t\t\t\t\t\t\t\t<h2><strong>1. Acceptance of the general conditions of use <\/strong><\/h2><p>These general terms and conditions of use (the \"\u00a0<strong>General Conditions<\/strong>\u00a0\") are intended to define the conditions under which Kap Code allows access to and use of (a) the Internet site available at the address <a href=\"https:\/\/www.kapcode.fr\/en\/\">https:\/\/www.kapcode.fr\/<\/a> (the \"<strong> Website<\/strong>\u00a0\"), (b) the content offered on the Site (the \"<strong>\u00a0Contents \"<\/strong>) and (c) the services accessible on the Site (the \" <strong>Services\u00a0<\/strong>\").<\/p><p><strong>The General Conditions must be accepted by any person wishing to access and use the Site (\"the User\"). Together with the confidentiality policy, they constitute a contract concluded between Kap Code and the user of the Site.<\/strong><\/p><p>It is therefore necessary and recommended that all Users carefully read the General Conditions, which can be saved and\/or reproduced by printing them.<\/p><p><strong>If you do not agree with any of the Terms and Conditions, do not access or use the Site and Services.<\/strong><\/p><h2><strong>\u00a02. <\/strong><strong>Description of the Services <\/strong><\/h2><p>2.1. The Site provides the User with information concerning all the activities of Kap Code.<\/p><p>2.2. The contact form allows Users to contact Kap Code for any question or remark.<\/p><p>2.3. Finally, the Site allows the user to subscribe to a newsletter which allows, if the user so wishes, to receive 1 to 4 times a month and by electronic mail, at the address indicated in the field provided for this purpose, the latest information published on the Site.<\/p><p>It is important to fill in only your own e-mail address. If you change your address, please contact us.<\/p><p>2.4. The Site and the Services are accessible and provided free of charge to Users for information purposes only.<\/p><p><strong>The information contained on the Site is general information and can in no way constitute medical advice or diagnosis or a proposal for medical or paramedical services and\/or be a substitute for consulting a health professional.<\/strong><\/p><p><strong>For medical advice, consult your doctor, any specialist or health care facility of your choice. In case of emergency, call 15.<\/strong><\/p><h2><strong>3. Use of the Site and Services<\/strong><\/h2><p>The Site and the Services are reserved for Users of legal age.<\/p><p>However, minors can use them with the agreement and accompaniment of one of their legal representatives.<\/p><p>The Site and the Services are reserved for the private use of each User. Any use for any other purpose is prohibited.<\/p><h2><strong>4. Accessibility<\/strong><\/h2><p>4.1. The Site is normally accessible at all times.<\/p><p>However, access to the Site may be subject to malfunctions or technical problems inherent in the Internet network and electronic communications.<\/p><p>It may also be rendered inaccessible during periods of technical maintenance necessary for its proper functioning and of which you will be informed.<\/p><p>Kap Code cannot therefore be held responsible for the impossibility of accessing all or part of the Site or, more generally, for any technical difficulty encountered in accessing or using the Site, or for any damage resulting from the appearance of a bug or incompatibility.<\/p><p>4.2. Please help us maintain the accessibility of the Site by accessing the Site with recent, virus-free hardware and with a current, updated browser.<\/p><h2><strong>5. Intellectual Property<\/strong><\/h2><p><strong>5.1. The Site<\/strong><\/p><p>Kap Code is the owner of the intellectual property rights relating to the Site and the elements that make it up.<\/p><p>Any reproduction, representation, modification, adaptation of all or part of the Site or of all or part of any element of the Site, whatever the means, the medium, the destination and whatever the process used, is prohibited, without prejudice to the specific stipulations above concerning the Contents: third-party contents.<\/p><p><strong>5.2. <\/strong><strong>Third-party content <\/strong><\/p><p>Content published on third-party sites may be made accessible on the pages of the Site. The conditions of reuse, distribution, reproduction or adaptation of these contents are defined by the third parties, on their website. These websites are directly accessible by clicking on the content.<\/p><p>Consult these conditions before any reuse, distribution, reproduction or adaptation of these contents. Kap Code is not affiliated with these third parties and cannot grant any authorization on their behalf.<\/p><h2><strong>6. Responsibility <\/strong><\/h2><p>6.1. We make every effort to ensure the best operation of the Site and as the security of data.<\/p><p>However, the Internet is not a secure network and performance in terms of volume, speed and security of electronic transmissions cannot be guaranteed.<\/p><p>6.2. Kap Code endeavours to make available to Users the most reliable, accurate and up-to-date data and Content possible. The contents are provided as is, without any guarantee of any kind.<\/p><h2><strong>7. Applicable law and jurisdiction<\/strong><\/h2><p>7.1. The General Conditions, their interpretation and their execution are subject to French law.<\/p><p>7.2. Without prejudice to the provisions of Regulation (EU) No. 1215\/2012 of December 12, 2012 on jurisdiction and the recognition and enforcement of judgments in civil and commercial matters, in the event of failure to reach an amicable settlement of a dispute arising between the parties, in particular through mediation, any dispute relating to the performance of the contract, their conclusion, expiry, validity or interpretation shall be under the exclusive jurisdiction of the French Courts.<\/p>\t\t\t\t\t\t\t\t<\/div>\n\t\t\t\t<\/div>\n\t\t\t\t\t<\/div>\n\t\t<\/div>\n\t\t\t\t\t<\/div>\n\t\t<\/section>\n\t\t\t\t<\/div>","protected":false},"excerpt":{"rendered":"<p>1. Acceptation des conditions g\u00e9n\u00e9rales d\u2019utilisation Les pr\u00e9sentes\u00a0conditions g\u00e9n\u00e9rales d&rsquo;utilisation\u00a0(les \u00ab\u00a0Conditions G\u00e9n\u00e9rales\u00a0\u00bb) ont pour objet de d\u00e9finir les conditions auxquelles la soci\u00e9t\u00e9 Kap Code permet l\u2019acc\u00e8s et l\u2019utilisation (a) du site internet disponible \u00e0 l\u2019adresse https:\/\/www.kapcode.fr\/ (le \u00ab Site\u00a0\u00bb), (b) des contenus propos\u00e9s sur le Site (les \u00ab\u00a0Contenus\u00a0\u00bb) et (c) des services accessibles sur le [&hellip;]<\/p>\n","protected":false},"author":1,"featured_media":0,"parent":0,"menu_order":0,"comment_status":"closed","ping_status":"closed","template":"","meta":{"site-sidebar-layout":"no-sidebar","site-content-layout":"page-builder","ast-site-content-layout":"default","site-content-style":"default","site-sidebar-style":"default","ast-global-header-display":"","ast-banner-title-visibility":"","ast-main-header-display":"","ast-hfb-above-header-display":"","ast-hfb-below-header-display":"","ast-hfb-mobile-header-display":"","site-post-title":"disabled","ast-breadcrumbs-content":"","ast-featured-img":"disabled","footer-sml-layout":"","ast-disable-related-posts":"","theme-transparent-header-meta":"default","adv-header-id-meta":"","stick-header-meta":"default","header-above-stick-meta":"","header-main-stick-meta":"","header-below-stick-meta":"","astra-migrate-meta-layouts":"default","ast-page-background-enabled":"default","ast-page-background-meta":{"desktop":{"background-color":"","background-image":"","background-repeat":"repeat","background-position":"center center","background-size":"auto","background-attachment":"scroll","background-type":"","background-media":"","overlay-type":"","overlay-color":"","overlay-opacity":"","overlay-gradient":""},"tablet":{"background-color":"","background-image":"","background-repeat":"repeat","background-position":"center center","background-size":"auto","background-attachment":"scroll","background-type":"","background-media":"","overlay-type":"","overlay-color":"","overlay-opacity":"","overlay-gradient":""},"mobile":{"background-color":"","background-image":"","background-repeat":"repeat","background-position":"center center","background-size":"auto","background-attachment":"scroll","background-type":"","background-media":"","overlay-type":"","overlay-color":"","overlay-opacity":"","overlay-gradient":""}},"ast-content-background-meta":{"desktop":{"background-color":"var(--ast-global-color-5)","background-image":"","background-repeat":"repeat","background-position":"center center","background-size":"auto","background-attachment":"scroll","background-type":"","background-media":"","overlay-type":"","overlay-color":"","overlay-opacity":"","overlay-gradient":""},"tablet":{"background-color":"var(--ast-global-color-5)","background-image":"","background-repeat":"repeat","background-position":"center center","background-size":"auto","background-attachment":"scroll","background-type":"","background-media":"","overlay-type":"","overlay-color":"","overlay-opacity":"","overlay-gradient":""},"mobile":{"background-color":"var(--ast-global-color-5)","background-image":"","background-repeat":"repeat","background-position":"center center","background-size":"auto","background-attachment":"scroll","background-type":"","background-media":"","overlay-type":"","overlay-color":"","overlay-opacity":"","overlay-gradient":""}},"footnotes":""},"class_list":["post-10392","page","type-page","status-publish","hentry"],"_links":{"self":[{"href":"https:\/\/www.kapcode.fr\/en\/wp-json\/wp\/v2\/pages\/10392","targetHints":{"allow":["GET"]}}],"collection":[{"href":"https:\/\/www.kapcode.fr\/en\/wp-json\/wp\/v2\/pages"}],"about":[{"href":"https:\/\/www.kapcode.fr\/en\/wp-json\/wp\/v2\/types\/page"}],"author":[{"embeddable":true,"href":"https:\/\/www.kapcode.fr\/en\/wp-json\/wp\/v2\/users\/1"}],"replies":[{"embeddable":true,"href":"https:\/\/www.kapcode.fr\/en\/wp-json\/wp\/v2\/comments?post=10392"}],"version-history":[{"count":3,"href":"https:\/\/www.kapcode.fr\/en\/wp-json\/wp\/v2\/pages\/10392\/revisions"}],"predecessor-version":[{"id":13929,"href":"https:\/\/www.kapcode.fr\/en\/wp-json\/wp\/v2\/pages\/10392\/revisions\/13929"}],"wp:attachment":[{"href":"https:\/\/www.kapcode.fr\/en\/wp-json\/wp\/v2\/media?parent=10392"}],"curies":[{"name":"wp","href":"https:\/\/api.w.org\/{rel}","templated":true}]}}