{"id":539,"date":"2021-05-21T11:15:09","date_gmt":"2021-05-21T09:15:09","guid":{"rendered":"https:\/\/www.kapcode.fr\/?page_id=539"},"modified":"2022-02-28T19:00:23","modified_gmt":"2022-02-28T18:00:23","slug":"medical","status":"publish","type":"page","link":"https:\/\/www.kapcode.fr\/en\/medical\/","title":{"rendered":"Medical"},"content":{"rendered":"<div data-elementor-type=\"wp-page\" data-elementor-id=\"539\" class=\"elementor elementor-539\" data-elementor-post-type=\"page\">\n\t\t\t\t\t\t<section class=\"elementor-section elementor-top-section elementor-element elementor-element-5245ac41 elementor-section-boxed elementor-section-height-default elementor-section-height-default\" data-id=\"5245ac41\" data-element_type=\"section\" data-e-type=\"section\">\n\t\t\t\t\t\t<div class=\"elementor-container elementor-column-gap-no\">\n\t\t\t\t\t<div class=\"elementor-column elementor-col-100 elementor-top-column elementor-element elementor-element-4b25d9c\" data-id=\"4b25d9c\" data-element_type=\"column\" data-e-type=\"column\">\n\t\t\t<div class=\"elementor-widget-wrap elementor-element-populated\">\n\t\t\t\t\t\t<div class=\"elementor-element elementor-element-29c1d429 elementor-widget elementor-widget-shortcode\" data-id=\"29c1d429\" data-element_type=\"widget\" data-e-type=\"widget\" data-widget_type=\"shortcode.default\">\n\t\t\t\t<div class=\"elementor-widget-container\">\n\t\t\t\t\t\t\t<div class=\"elementor-shortcode\"><div class=\"ast-breadcrumbs-wrapper\">\n\t\t\t<div class=\"ast-breadcrumbs-inner\"><nav role=\"navigation\" aria-label=\"Breadcrumbs\" class=\"breadcrumb-trail breadcrumbs\" ><div class=\"ast-breadcrumbs\"><ul class=\"trail-items\" ><li  class=\"trail-item trail-end\"><span><a href=\"https:\/\/www.kapcode.fr\/en\/\" rel=\"home\"><span >Home<\/span><\/a><\/span><\/li><\/ul><\/div><\/nav><\/div>\n\t\t<\/div><\/div>\n\t\t\t\t\t\t<\/div>\n\t\t\t\t<\/div>\n\t\t\t\t\t<\/div>\n\t\t<\/div>\n\t\t\t\t\t<\/div>\n\t\t<\/section>\n\t\t\t\t<section class=\"elementor-section elementor-top-section elementor-element elementor-element-2bed9aad elementor-section-boxed elementor-section-height-default elementor-section-height-default\" data-id=\"2bed9aad\" data-element_type=\"section\" data-e-type=\"section\">\n\t\t\t\t\t\t<div class=\"elementor-container elementor-column-gap-no\">\n\t\t\t\t\t<div class=\"elementor-column elementor-col-50 elementor-top-column elementor-element elementor-element-1cd8d218\" data-id=\"1cd8d218\" data-element_type=\"column\" data-e-type=\"column\">\n\t\t\t<div class=\"elementor-widget-wrap elementor-element-populated\">\n\t\t\t\t\t\t<div class=\"elementor-element elementor-element-78c074c elementor-widget elementor-widget-heading\" data-id=\"78c074c\" data-element_type=\"widget\" data-e-type=\"widget\" data-widget_type=\"heading.default\">\n\t\t\t\t<div class=\"elementor-widget-container\">\n\t\t\t\t\t<p class=\"elementor-heading-title elementor-size-default\">Detec't<\/p>\t\t\t\t<\/div>\n\t\t\t\t<\/div>\n\t\t\t\t<div class=\"elementor-element elementor-element-520b4709 animated-slow elementor-invisible elementor-widget elementor-widget-text-editor\" data-id=\"520b4709\" data-element_type=\"widget\" data-e-type=\"widget\" data-settings=\"{&quot;_animation&quot;:&quot;fadeInDown&quot;}\" data-widget_type=\"text-editor.default\">\n\t\t\t\t<div class=\"elementor-widget-container\">\n\t\t\t\t\t\t\t\t\t<p>With Detec't, get insights from the patient experience shared on social networks to improve your understanding of patients and your communication to healthcare stakeholders.<\/p>\t\t\t\t\t\t\t\t<\/div>\n\t\t\t\t<\/div>\n\t\t\t\t\t<\/div>\n\t\t<\/div>\n\t\t\t\t<div class=\"elementor-column elementor-col-50 elementor-top-column elementor-element elementor-element-5cc084af elementor-hidden-phone\" data-id=\"5cc084af\" data-element_type=\"column\" data-e-type=\"column\" data-settings=\"{&quot;background_background&quot;:&quot;classic&quot;}\">\n\t\t\t<div class=\"elementor-widget-wrap elementor-element-populated\">\n\t\t\t\t\t\t<div class=\"elementor-element elementor-element-5575dba1 elementor-widget elementor-widget-image\" data-id=\"5575dba1\" data-element_type=\"widget\" data-e-type=\"widget\" id=\"hero-img\" data-widget_type=\"image.default\">\n\t\t\t\t<div class=\"elementor-widget-container\">\n\t\t\t\t\t\t\t\t\t\t\t\t\t\t\t<img fetchpriority=\"high\" decoding=\"async\" width=\"1024\" height=\"709\" src=\"https:\/\/www.kapcode.fr\/wp-content\/uploads\/2021\/05\/KCcovid_site_illu_Plan-de-travail-1-copie-22-1024x709.png\" class=\"attachment-large size-large wp-image-118\" alt=\"\" srcset=\"https:\/\/www.kapcode.fr\/wp-content\/uploads\/2021\/05\/KCcovid_site_illu_Plan-de-travail-1-copie-22-1024x709.png 1024w, https:\/\/www.kapcode.fr\/wp-content\/uploads\/2021\/05\/KCcovid_site_illu_Plan-de-travail-1-copie-22-300x208.png 300w, https:\/\/www.kapcode.fr\/wp-content\/uploads\/2021\/05\/KCcovid_site_illu_Plan-de-travail-1-copie-22-768x532.png 768w, https:\/\/www.kapcode.fr\/wp-content\/uploads\/2021\/05\/KCcovid_site_illu_Plan-de-travail-1-copie-22-1536x1063.png 1536w, https:\/\/www.kapcode.fr\/wp-content\/uploads\/2021\/05\/KCcovid_site_illu_Plan-de-travail-1-copie-22-2048x1418.png 2048w\" sizes=\"(max-width: 1024px) 100vw, 1024px\">\t\t\t\t\t\t\t\t\t\t\t\t\t\t\t<\/div>\n\t\t\t\t<\/div>\n\t\t\t\t\t<\/div>\n\t\t<\/div>\n\t\t\t\t\t<\/div>\n\t\t<\/section>\n\t\t\t\t<section class=\"elementor-section elementor-top-section elementor-element elementor-element-5c065dd elementor-section-boxed elementor-section-height-default elementor-section-height-default\" data-id=\"5c065dd\" data-element_type=\"section\" data-e-type=\"section\">\n\t\t\t\t\t\t<div class=\"elementor-container elementor-column-gap-no\">\n\t\t\t\t\t<div class=\"elementor-column elementor-col-100 elementor-top-column elementor-element elementor-element-01fc747\" data-id=\"01fc747\" data-element_type=\"column\" data-e-type=\"column\">\n\t\t\t<div class=\"elementor-widget-wrap elementor-element-populated\">\n\t\t\t\t\t\t<section class=\"elementor-section elementor-inner-section elementor-element elementor-element-c39da39 elementor-section-content-middle elementor-section-boxed elementor-section-height-default elementor-section-height-default\" data-id=\"c39da39\" data-element_type=\"section\" data-e-type=\"section\">\n\t\t\t\t\t\t<div class=\"elementor-container elementor-column-gap-default\">\n\t\t\t\t\t<div class=\"elementor-column elementor-col-50 elementor-inner-column elementor-element elementor-element-0e61eae\" data-id=\"0e61eae\" data-element_type=\"column\" data-e-type=\"column\">\n\t\t\t<div class=\"elementor-widget-wrap elementor-element-populated\">\n\t\t\t\t\t\t<div class=\"elementor-element elementor-element-959ee97 elementor-widget elementor-widget-heading\" data-id=\"959ee97\" data-element_type=\"widget\" data-e-type=\"widget\" data-widget_type=\"heading.default\">\n\t\t\t\t<div class=\"elementor-widget-container\">\n\t\t\t\t\t<h2 class=\"elementor-heading-title elementor-size-default\">A new source of real-life data<\/h2>\t\t\t\t<\/div>\n\t\t\t\t<\/div>\n\t\t\t\t<div class=\"elementor-element elementor-element-3844405 elementor-widget elementor-widget-text-editor\" data-id=\"3844405\" data-element_type=\"widget\" data-e-type=\"widget\" data-widget_type=\"text-editor.default\">\n\t\t\t\t<div class=\"elementor-widget-container\">\n\t\t\t\t\t\t\t\t\t<p>29% of French people have already talked about their health online. On social networks and online discussion forums, Internet users spontaneously express themselves about their experience of a disease, their care pathway, the impact on their quality of life or their perception of treatments. This is a new source of real-life data to be taken into account to better understand the patient's experience, environment and knowledge of the disease in a patient-centered approach. With the medical analysis of social networks, get a translation of the patient language into medical ontology based on validated methods and scales.<\/p>\t\t\t\t\t\t\t\t<\/div>\n\t\t\t\t<\/div>\n\t\t\t\t\t<\/div>\n\t\t<\/div>\n\t\t\t\t<div class=\"elementor-column elementor-col-50 elementor-inner-column elementor-element elementor-element-5ac9ba7\" data-id=\"5ac9ba7\" data-element_type=\"column\" data-e-type=\"column\">\n\t\t\t<div class=\"elementor-widget-wrap elementor-element-populated\">\n\t\t\t\t\t\t<div class=\"elementor-element elementor-element-f0f4cbd elementor-widget elementor-widget-image\" data-id=\"f0f4cbd\" data-element_type=\"widget\" data-e-type=\"widget\" data-widget_type=\"image.default\">\n\t\t\t\t<div class=\"elementor-widget-container\">\n\t\t\t\t\t\t\t\t\t\t\t\t\t\t\t<img decoding=\"async\" width=\"300\" height=\"255\" src=\"https:\/\/www.kapcode.fr\/wp-content\/uploads\/2021\/05\/Plan-de-travail-2-copie-12-300x255.png\" class=\"attachment-medium size-medium wp-image-93\" alt=\"\" srcset=\"https:\/\/www.kapcode.fr\/wp-content\/uploads\/2021\/05\/Plan-de-travail-2-copie-12-300x255.png 300w, https:\/\/www.kapcode.fr\/wp-content\/uploads\/2021\/05\/Plan-de-travail-2-copie-12-1024x870.png 1024w, https:\/\/www.kapcode.fr\/wp-content\/uploads\/2021\/05\/Plan-de-travail-2-copie-12-768x653.png 768w, https:\/\/www.kapcode.fr\/wp-content\/uploads\/2021\/05\/Plan-de-travail-2-copie-12.png 1104w\" sizes=\"(max-width: 300px) 100vw, 300px\">\t\t\t\t\t\t\t\t\t\t\t\t\t\t\t<\/div>\n\t\t\t\t<\/div>\n\t\t\t\t\t<\/div>\n\t\t<\/div>\n\t\t\t\t\t<\/div>\n\t\t<\/section>\n\t\t\t\t<section class=\"elementor-section elementor-inner-section elementor-element elementor-element-50b4589 elementor-section-content-middle elementor-reverse-mobile elementor-section-boxed elementor-section-height-default elementor-section-height-default\" data-id=\"50b4589\" data-element_type=\"section\" data-e-type=\"section\">\n\t\t\t\t\t\t<div class=\"elementor-container elementor-column-gap-default\">\n\t\t\t\t\t<div class=\"elementor-column elementor-col-50 elementor-inner-column elementor-element elementor-element-2a88d66\" data-id=\"2a88d66\" data-element_type=\"column\" data-e-type=\"column\">\n\t\t\t<div class=\"elementor-widget-wrap elementor-element-populated\">\n\t\t\t\t\t\t<div class=\"elementor-element elementor-element-10717bd elementor-widget elementor-widget-image\" data-id=\"10717bd\" data-element_type=\"widget\" data-e-type=\"widget\" data-widget_type=\"image.default\">\n\t\t\t\t<div class=\"elementor-widget-container\">\n\t\t\t\t\t\t\t\t\t\t\t\t\t\t\t<img decoding=\"async\" width=\"300\" height=\"208\" src=\"https:\/\/www.kapcode.fr\/wp-content\/uploads\/2021\/05\/KCcovid_site_illu_Plan-de-travail-1-copie-10-300x208.png\" class=\"attachment-medium size-medium wp-image-116\" alt=\"\" srcset=\"https:\/\/www.kapcode.fr\/wp-content\/uploads\/2021\/05\/KCcovid_site_illu_Plan-de-travail-1-copie-10-300x208.png 300w, https:\/\/www.kapcode.fr\/wp-content\/uploads\/2021\/05\/KCcovid_site_illu_Plan-de-travail-1-copie-10-1024x709.png 1024w, https:\/\/www.kapcode.fr\/wp-content\/uploads\/2021\/05\/KCcovid_site_illu_Plan-de-travail-1-copie-10-768x532.png 768w, https:\/\/www.kapcode.fr\/wp-content\/uploads\/2021\/05\/KCcovid_site_illu_Plan-de-travail-1-copie-10-1536x1063.png 1536w, https:\/\/www.kapcode.fr\/wp-content\/uploads\/2021\/05\/KCcovid_site_illu_Plan-de-travail-1-copie-10-2048x1418.png 2048w\" sizes=\"(max-width: 300px) 100vw, 300px\">\t\t\t\t\t\t\t\t\t\t\t\t\t\t\t<\/div>\n\t\t\t\t<\/div>\n\t\t\t\t\t<\/div>\n\t\t<\/div>\n\t\t\t\t<div class=\"elementor-column elementor-col-50 elementor-inner-column elementor-element elementor-element-1281e8b\" data-id=\"1281e8b\" data-element_type=\"column\" data-e-type=\"column\">\n\t\t\t<div class=\"elementor-widget-wrap elementor-element-populated\">\n\t\t\t\t\t\t<div class=\"elementor-element elementor-element-f8f24bd elementor-widget elementor-widget-heading\" data-id=\"f8f24bd\" data-element_type=\"widget\" data-e-type=\"widget\" data-widget_type=\"heading.default\">\n\t\t\t\t<div class=\"elementor-widget-container\">\n\t\t\t\t\t<h2 class=\"elementor-heading-title elementor-size-default\">Tailor-made communication for patients<\/h2>\t\t\t\t<\/div>\n\t\t\t\t<\/div>\n\t\t\t\t<div class=\"elementor-element elementor-element-819d2ab elementor-widget elementor-widget-text-editor\" data-id=\"819d2ab\" data-element_type=\"widget\" data-e-type=\"widget\" data-widget_type=\"text-editor.default\">\n\t\t\t\t<div class=\"elementor-widget-container\">\n\t\t\t\t\t\t\t\t\t<p>Through social networks and discussion forums, Internet users can express themselves about the disease, treatments, but also the difficulties encountered and the impact on quality of life. Beyond sharing experiences, these discussions are also an opportunity for them to confide their questions and exchange advice. All this information is essential to better understand how patients experience their disease and to answer their questions. With medical listening on social networks, get relevant insights to better understand the patient experience. Thanks to this innovative understanding of the disease experience, including in the case of rare diseases, develop communication and support tools that are as close as possible to patients' needs.<\/p>\t\t\t\t\t\t\t\t<\/div>\n\t\t\t\t<\/div>\n\t\t\t\t\t<\/div>\n\t\t<\/div>\n\t\t\t\t\t<\/div>\n\t\t<\/section>\n\t\t\t\t<section class=\"elementor-section elementor-inner-section elementor-element elementor-element-98204a3 elementor-section-content-middle elementor-section-boxed elementor-section-height-default elementor-section-height-default\" data-id=\"98204a3\" data-element_type=\"section\" data-e-type=\"section\">\n\t\t\t\t\t\t<div class=\"elementor-container elementor-column-gap-default\">\n\t\t\t\t\t<div class=\"elementor-column elementor-col-50 elementor-inner-column elementor-element elementor-element-4e6e489\" data-id=\"4e6e489\" data-element_type=\"column\" data-e-type=\"column\">\n\t\t\t<div class=\"elementor-widget-wrap elementor-element-populated\">\n\t\t\t\t\t\t<div class=\"elementor-element elementor-element-c2b2e50 elementor-widget elementor-widget-heading\" data-id=\"c2b2e50\" data-element_type=\"widget\" data-e-type=\"widget\" data-widget_type=\"heading.default\">\n\t\t\t\t<div class=\"elementor-widget-container\">\n\t\t\t\t\t<h2 class=\"elementor-heading-title elementor-size-default\">A better relationship with health professionals<\/h2>\t\t\t\t<\/div>\n\t\t\t\t<\/div>\n\t\t\t\t<div class=\"elementor-element elementor-element-a94ec17 elementor-widget elementor-widget-text-editor\" data-id=\"a94ec17\" data-element_type=\"widget\" data-e-type=\"widget\" data-widget_type=\"text-editor.default\">\n\t\t\t\t<div class=\"elementor-widget-container\">\n\t\t\t\t\t\t\t\t\tListening, observing and understanding the patient are essential to the care relationship. Patients, their relatives and caregivers testify online about the care pathway, unmet needs and their perception of the pathology and treatments. The analysis of social networks allows to highlight essential points about the medical needs of patients or their emotional states during their treatments. These elements can help healthcare professionals to better understand patients' expectations and to better support them. With the help of an innovative analysis based on the patient experience, strengthen your relationship with healthcare professionals by offering them resources to improve their daily practice.\t\t\t\t\t\t\t\t<\/div>\n\t\t\t\t<\/div>\n\t\t\t\t\t<\/div>\n\t\t<\/div>\n\t\t\t\t<div class=\"elementor-column elementor-col-50 elementor-inner-column elementor-element elementor-element-676b29c\" data-id=\"676b29c\" data-element_type=\"column\" data-e-type=\"column\">\n\t\t\t<div class=\"elementor-widget-wrap elementor-element-populated\">\n\t\t\t\t\t\t<div class=\"elementor-element elementor-element-7920bba elementor-widget elementor-widget-image\" data-id=\"7920bba\" data-element_type=\"widget\" data-e-type=\"widget\" data-widget_type=\"image.default\">\n\t\t\t\t<div class=\"elementor-widget-container\">\n\t\t\t\t\t\t\t\t\t\t\t\t\t\t\t<img loading=\"lazy\" decoding=\"async\" width=\"300\" height=\"208\" src=\"https:\/\/www.kapcode.fr\/wp-content\/uploads\/2021\/05\/KC_site_illu_Plan-de-travail-1-copie-4-300x208.png\" class=\"attachment-medium size-medium wp-image-108\" alt=\"\" srcset=\"https:\/\/www.kapcode.fr\/wp-content\/uploads\/2021\/05\/KC_site_illu_Plan-de-travail-1-copie-4-300x208.png 300w, https:\/\/www.kapcode.fr\/wp-content\/uploads\/2021\/05\/KC_site_illu_Plan-de-travail-1-copie-4-1024x709.png 1024w, https:\/\/www.kapcode.fr\/wp-content\/uploads\/2021\/05\/KC_site_illu_Plan-de-travail-1-copie-4-768x532.png 768w, https:\/\/www.kapcode.fr\/wp-content\/uploads\/2021\/05\/KC_site_illu_Plan-de-travail-1-copie-4-1536x1064.png 1536w, https:\/\/www.kapcode.fr\/wp-content\/uploads\/2021\/05\/KC_site_illu_Plan-de-travail-1-copie-4-2048x1418.png 2048w\" sizes=\"(max-width: 300px) 100vw, 300px\">\t\t\t\t\t\t\t\t\t\t\t\t\t\t\t<\/div>\n\t\t\t\t<\/div>\n\t\t\t\t\t<\/div>\n\t\t<\/div>\n\t\t\t\t\t<\/div>\n\t\t<\/section>\n\t\t\t\t\t<\/div>\n\t\t<\/div>\n\t\t\t\t\t<\/div>\n\t\t<\/section>\n\t\t\t\t<\/div>","protected":false},"excerpt":{"rendered":"<p>Detec&rsquo;t Avec Detec\u2019t, obtenez des insights issus de l\u2019exp\u00e9rience patient partag\u00e9e sur les r\u00e9seaux sociaux pour am\u00e9liorer votre compr\u00e9hension des patients et votre communication \u00e0 destination des parties prenantes en sant\u00e9. Une nouvelle source de donn\u00e9es en vie r\u00e9elle 29% des Fran\u00e7ais ont d\u00e9j\u00e0 parl\u00e9 de leur sant\u00e9 en ligne. Sur les r\u00e9seaux sociaux et [&hellip;]<\/p>\n","protected":false},"author":1,"featured_media":118,"parent":0,"menu_order":0,"comment_status":"closed","ping_status":"closed","template":"","meta":{"site-sidebar-layout":"no-sidebar","site-content-layout":"page-builder","ast-site-content-layout":"default","site-content-style":"default","site-sidebar-style":"default","ast-global-header-display":"","ast-banner-title-visibility":"","ast-main-header-display":"","ast-hfb-above-header-display":"","ast-hfb-below-header-display":"","ast-hfb-mobile-header-display":"","site-post-title":"disabled","ast-breadcrumbs-content":"","ast-featured-img":"disabled","footer-sml-layout":"","ast-disable-related-posts":"","theme-transparent-header-meta":"default","adv-header-id-meta":"","stick-header-meta":"default","header-above-stick-meta":"","header-main-stick-meta":"","header-below-stick-meta":"","astra-migrate-meta-layouts":"default","ast-page-background-enabled":"default","ast-page-background-meta":{"desktop":{"background-color":"","background-image":"","background-repeat":"repeat","background-position":"center center","background-size":"auto","background-attachment":"scroll","background-type":"","background-media":"","overlay-type":"","overlay-color":"","overlay-opacity":"","overlay-gradient":""},"tablet":{"background-color":"","background-image":"","background-repeat":"repeat","background-position":"center center","background-size":"auto","background-attachment":"scroll","background-type":"","background-media":"","overlay-type":"","overlay-color":"","overlay-opacity":"","overlay-gradient":""},"mobile":{"background-color":"","background-image":"","background-repeat":"repeat","background-position":"center center","background-size":"auto","background-attachment":"scroll","background-type":"","background-media":"","overlay-type":"","overlay-color":"","overlay-opacity":"","overlay-gradient":""}},"ast-content-background-meta":{"desktop":{"background-color":"var(--ast-global-color-5)","background-image":"","background-repeat":"repeat","background-position":"center center","background-size":"auto","background-attachment":"scroll","background-type":"","background-media":"","overlay-type":"","overlay-color":"","overlay-opacity":"","overlay-gradient":""},"tablet":{"background-color":"var(--ast-global-color-5)","background-image":"","background-repeat":"repeat","background-position":"center center","background-size":"auto","background-attachment":"scroll","background-type":"","background-media":"","overlay-type":"","overlay-color":"","overlay-opacity":"","overlay-gradient":""},"mobile":{"background-color":"var(--ast-global-color-5)","background-image":"","background-repeat":"repeat","background-position":"center center","background-size":"auto","background-attachment":"scroll","background-type":"","background-media":"","overlay-type":"","overlay-color":"","overlay-opacity":"","overlay-gradient":""}},"footnotes":""},"class_list":["post-539","page","type-page","status-publish","has-post-thumbnail","hentry"],"_links":{"self":[{"href":"https:\/\/www.kapcode.fr\/en\/wp-json\/wp\/v2\/pages\/539","targetHints":{"allow":["GET"]}}],"collection":[{"href":"https:\/\/www.kapcode.fr\/en\/wp-json\/wp\/v2\/pages"}],"about":[{"href":"https:\/\/www.kapcode.fr\/en\/wp-json\/wp\/v2\/types\/page"}],"author":[{"embeddable":true,"href":"https:\/\/www.kapcode.fr\/en\/wp-json\/wp\/v2\/users\/1"}],"replies":[{"embeddable":true,"href":"https:\/\/www.kapcode.fr\/en\/wp-json\/wp\/v2\/comments?post=539"}],"version-history":[{"count":0,"href":"https:\/\/www.kapcode.fr\/en\/wp-json\/wp\/v2\/pages\/539\/revisions"}],"wp:featuredmedia":[{"embeddable":true,"href":"https:\/\/www.kapcode.fr\/en\/wp-json\/wp\/v2\/media\/118"}],"wp:attachment":[{"href":"https:\/\/www.kapcode.fr\/en\/wp-json\/wp\/v2\/media?parent=539"}],"curies":[{"name":"wp","href":"https:\/\/api.w.org\/{rel}","templated":true}]}}