{"id":541,"date":"2021-05-21T11:15:29","date_gmt":"2021-05-21T09:15:29","guid":{"rendered":"https:\/\/www.kapcode.fr\/?page_id=541"},"modified":"2021-07-10T01:37:12","modified_gmt":"2021-07-09T23:37:12","slug":"marketing","status":"publish","type":"page","link":"https:\/\/www.kapcode.fr\/en\/marketing\/","title":{"rendered":"Marketing"},"content":{"rendered":"<div data-elementor-type=\"wp-page\" data-elementor-id=\"541\" class=\"elementor elementor-541\" data-elementor-post-type=\"page\">\n\t\t\t\t\t\t<section class=\"elementor-section elementor-top-section elementor-element elementor-element-35f09b80 elementor-section-boxed elementor-section-height-default elementor-section-height-default\" data-id=\"35f09b80\" data-element_type=\"section\" data-e-type=\"section\">\n\t\t\t\t\t\t<div class=\"elementor-container elementor-column-gap-no\">\n\t\t\t\t\t<div class=\"elementor-column elementor-col-100 elementor-top-column elementor-element elementor-element-6bb78f19\" data-id=\"6bb78f19\" data-element_type=\"column\" data-e-type=\"column\">\n\t\t\t<div class=\"elementor-widget-wrap elementor-element-populated\">\n\t\t\t\t\t\t<div class=\"elementor-element elementor-element-237c00f elementor-widget elementor-widget-shortcode\" data-id=\"237c00f\" data-element_type=\"widget\" data-e-type=\"widget\" data-widget_type=\"shortcode.default\">\n\t\t\t\t<div class=\"elementor-widget-container\">\n\t\t\t\t\t\t\t<div class=\"elementor-shortcode\"><div class=\"ast-breadcrumbs-wrapper\">\n\t\t\t<div class=\"ast-breadcrumbs-inner\"><nav role=\"navigation\" aria-label=\"Breadcrumbs\" class=\"breadcrumb-trail breadcrumbs\" ><div class=\"ast-breadcrumbs\"><ul class=\"trail-items\" ><li  class=\"trail-item trail-end\"><span><a href=\"https:\/\/www.kapcode.fr\/en\/\" rel=\"home\"><span >Home<\/span><\/a><\/span><\/li><\/ul><\/div><\/nav><\/div>\n\t\t<\/div><\/div>\n\t\t\t\t\t\t<\/div>\n\t\t\t\t<\/div>\n\t\t\t\t\t<\/div>\n\t\t<\/div>\n\t\t\t\t\t<\/div>\n\t\t<\/section>\n\t\t\t\t<section class=\"elementor-section elementor-top-section elementor-element elementor-element-e458cef elementor-section-boxed elementor-section-height-default elementor-section-height-default\" data-id=\"e458cef\" data-element_type=\"section\" data-e-type=\"section\">\n\t\t\t\t\t\t<div class=\"elementor-container elementor-column-gap-no\">\n\t\t\t\t\t<div class=\"elementor-column elementor-col-50 elementor-top-column elementor-element elementor-element-2b193d5\" data-id=\"2b193d5\" data-element_type=\"column\" data-e-type=\"column\">\n\t\t\t<div class=\"elementor-widget-wrap elementor-element-populated\">\n\t\t\t\t\t\t<div class=\"elementor-element elementor-element-79fbcb9 elementor-widget elementor-widget-heading\" data-id=\"79fbcb9\" data-element_type=\"widget\" data-e-type=\"widget\" data-widget_type=\"heading.default\">\n\t\t\t\t<div class=\"elementor-widget-container\">\n\t\t\t\t\t<p class=\"elementor-heading-title elementor-size-default\">Detec't<\/p>\t\t\t\t<\/div>\n\t\t\t\t<\/div>\n\t\t\t\t<div class=\"elementor-element elementor-element-574ae44e animated-slow elementor-invisible elementor-widget elementor-widget-text-editor\" data-id=\"574ae44e\" data-element_type=\"widget\" data-e-type=\"widget\" data-settings=\"{&quot;_animation&quot;:&quot;fadeInDown&quot;}\" data-widget_type=\"text-editor.default\">\n\t\t\t\t<div class=\"elementor-widget-container\">\n\t\t\t\t\t\t\t\t\t<p>With Detec't, get closer to the experience of patients and healthcare professionals shared on social networks, to improve your understanding and optimize your communication to the various stakeholders in healthcare.<\/p><p>\u00a0<\/p>\t\t\t\t\t\t\t\t<\/div>\n\t\t\t\t<\/div>\n\t\t\t\t\t<\/div>\n\t\t<\/div>\n\t\t\t\t<div class=\"elementor-column elementor-col-50 elementor-top-column elementor-element elementor-element-47896787 elementor-hidden-phone\" data-id=\"47896787\" data-element_type=\"column\" data-e-type=\"column\" data-settings=\"{&quot;background_background&quot;:&quot;classic&quot;}\">\n\t\t\t<div class=\"elementor-widget-wrap elementor-element-populated\">\n\t\t\t\t\t\t<div class=\"elementor-element elementor-element-220a6f17 elementor-widget elementor-widget-image\" data-id=\"220a6f17\" data-element_type=\"widget\" data-e-type=\"widget\" id=\"hero-img\" data-widget_type=\"image.default\">\n\t\t\t\t<div class=\"elementor-widget-container\">\n\t\t\t\t\t\t\t\t\t\t\t\t\t\t\t<img fetchpriority=\"high\" decoding=\"async\" width=\"1024\" height=\"709\" src=\"https:\/\/www.kapcode.fr\/wp-content\/uploads\/2021\/05\/KCcovid_site_illu_Plan-de-travail-1-copie-24-1024x709.png\" class=\"attachment-large size-large wp-image-119\" alt=\"\" srcset=\"https:\/\/www.kapcode.fr\/wp-content\/uploads\/2021\/05\/KCcovid_site_illu_Plan-de-travail-1-copie-24-1024x709.png 1024w, https:\/\/www.kapcode.fr\/wp-content\/uploads\/2021\/05\/KCcovid_site_illu_Plan-de-travail-1-copie-24-300x208.png 300w, https:\/\/www.kapcode.fr\/wp-content\/uploads\/2021\/05\/KCcovid_site_illu_Plan-de-travail-1-copie-24-768x532.png 768w, https:\/\/www.kapcode.fr\/wp-content\/uploads\/2021\/05\/KCcovid_site_illu_Plan-de-travail-1-copie-24-1536x1063.png 1536w, https:\/\/www.kapcode.fr\/wp-content\/uploads\/2021\/05\/KCcovid_site_illu_Plan-de-travail-1-copie-24-2048x1418.png 2048w\" sizes=\"(max-width: 1024px) 100vw, 1024px\">\t\t\t\t\t\t\t\t\t\t\t\t\t\t\t<\/div>\n\t\t\t\t<\/div>\n\t\t\t\t\t<\/div>\n\t\t<\/div>\n\t\t\t\t\t<\/div>\n\t\t<\/section>\n\t\t\t\t<section class=\"elementor-section elementor-top-section elementor-element elementor-element-418c39a elementor-section-boxed elementor-section-height-default elementor-section-height-default\" data-id=\"418c39a\" data-element_type=\"section\" data-e-type=\"section\">\n\t\t\t\t\t\t<div class=\"elementor-container elementor-column-gap-no\">\n\t\t\t\t\t<div class=\"elementor-column elementor-col-100 elementor-top-column elementor-element elementor-element-571dc3c\" data-id=\"571dc3c\" data-element_type=\"column\" data-e-type=\"column\">\n\t\t\t<div class=\"elementor-widget-wrap elementor-element-populated\">\n\t\t\t\t\t\t<section class=\"elementor-section elementor-inner-section elementor-element elementor-element-201e8d5 elementor-section-content-middle elementor-section-boxed elementor-section-height-default elementor-section-height-default\" data-id=\"201e8d5\" data-element_type=\"section\" data-e-type=\"section\">\n\t\t\t\t\t\t<div class=\"elementor-container elementor-column-gap-default\">\n\t\t\t\t\t<div class=\"elementor-column elementor-col-50 elementor-inner-column elementor-element elementor-element-a6762ed\" data-id=\"a6762ed\" data-element_type=\"column\" data-e-type=\"column\">\n\t\t\t<div class=\"elementor-widget-wrap elementor-element-populated\">\n\t\t\t\t\t\t<div class=\"elementor-element elementor-element-6e7d230 elementor-widget elementor-widget-heading\" data-id=\"6e7d230\" data-element_type=\"widget\" data-e-type=\"widget\" data-widget_type=\"heading.default\">\n\t\t\t\t<div class=\"elementor-widget-container\">\n\t\t\t\t\t<h2 class=\"elementor-heading-title elementor-size-default\">An innovative source of real-life data<\/h2>\t\t\t\t<\/div>\n\t\t\t\t<\/div>\n\t\t\t\t<div class=\"elementor-element elementor-element-5a7ae2f elementor-widget elementor-widget-text-editor\" data-id=\"5a7ae2f\" data-element_type=\"widget\" data-e-type=\"widget\" data-widget_type=\"text-editor.default\">\n\t\t\t\t<div class=\"elementor-widget-container\">\n\t\t\t\t\t\t\t\t\t1 in 3 French people talk about their health online. On social networks and discussion forums, patients speak spontaneously and in their own words about their experience of an illness, their care pathway, the impact on quality of life or their perception of treatments, questions, beliefs and knowledge associated with their health condition. New real-life data centered on patients, to be taken into account to better understand the patient experience. With the medical analysis of social networks and our artificial intelligence algorithms, based on validated methods and scales, patient language is translated into medical ontologies to identify insights.\t\t\t\t\t\t\t\t<\/div>\n\t\t\t\t<\/div>\n\t\t\t\t\t<\/div>\n\t\t<\/div>\n\t\t\t\t<div class=\"elementor-column elementor-col-50 elementor-inner-column elementor-element elementor-element-6def961\" data-id=\"6def961\" data-element_type=\"column\" data-e-type=\"column\">\n\t\t\t<div class=\"elementor-widget-wrap elementor-element-populated\">\n\t\t\t\t\t\t<div class=\"elementor-element elementor-element-919531e elementor-widget elementor-widget-image\" data-id=\"919531e\" data-element_type=\"widget\" data-e-type=\"widget\" data-widget_type=\"image.default\">\n\t\t\t\t<div class=\"elementor-widget-container\">\n\t\t\t\t\t\t\t\t\t\t\t\t\t\t\t<img decoding=\"async\" width=\"300\" height=\"255\" src=\"https:\/\/www.kapcode.fr\/wp-content\/uploads\/2021\/05\/Plan-de-travail-2-copie-11-300x255.png\" class=\"attachment-medium size-medium wp-image-95\" alt=\"\" srcset=\"https:\/\/www.kapcode.fr\/wp-content\/uploads\/2021\/05\/Plan-de-travail-2-copie-11-300x255.png 300w, https:\/\/www.kapcode.fr\/wp-content\/uploads\/2021\/05\/Plan-de-travail-2-copie-11-1024x870.png 1024w, https:\/\/www.kapcode.fr\/wp-content\/uploads\/2021\/05\/Plan-de-travail-2-copie-11-768x653.png 768w, https:\/\/www.kapcode.fr\/wp-content\/uploads\/2021\/05\/Plan-de-travail-2-copie-11.png 1104w\" sizes=\"(max-width: 300px) 100vw, 300px\">\t\t\t\t\t\t\t\t\t\t\t\t\t\t\t<\/div>\n\t\t\t\t<\/div>\n\t\t\t\t\t<\/div>\n\t\t<\/div>\n\t\t\t\t\t<\/div>\n\t\t<\/section>\n\t\t\t\t<section class=\"elementor-section elementor-inner-section elementor-element elementor-element-c1aa39c elementor-section-content-middle elementor-reverse-mobile elementor-section-boxed elementor-section-height-default elementor-section-height-default\" data-id=\"c1aa39c\" data-element_type=\"section\" data-e-type=\"section\">\n\t\t\t\t\t\t<div class=\"elementor-container elementor-column-gap-default\">\n\t\t\t\t\t<div class=\"elementor-column elementor-col-50 elementor-inner-column elementor-element elementor-element-6cba7ea\" data-id=\"6cba7ea\" data-element_type=\"column\" data-e-type=\"column\">\n\t\t\t<div class=\"elementor-widget-wrap elementor-element-populated\">\n\t\t\t\t\t\t<div class=\"elementor-element elementor-element-92e4c12 elementor-widget elementor-widget-image\" data-id=\"92e4c12\" data-element_type=\"widget\" data-e-type=\"widget\" data-widget_type=\"image.default\">\n\t\t\t\t<div class=\"elementor-widget-container\">\n\t\t\t\t\t\t\t\t\t\t\t\t\t\t\t<img decoding=\"async\" width=\"300\" height=\"208\" src=\"https:\/\/www.kapcode.fr\/wp-content\/uploads\/2021\/05\/KCcovid_site_illu_Plan-de-travail-1-copie-6-300x208.png\" class=\"attachment-medium size-medium wp-image-113\" alt=\"\" srcset=\"https:\/\/www.kapcode.fr\/wp-content\/uploads\/2021\/05\/KCcovid_site_illu_Plan-de-travail-1-copie-6-300x208.png 300w, https:\/\/www.kapcode.fr\/wp-content\/uploads\/2021\/05\/KCcovid_site_illu_Plan-de-travail-1-copie-6-1024x709.png 1024w, https:\/\/www.kapcode.fr\/wp-content\/uploads\/2021\/05\/KCcovid_site_illu_Plan-de-travail-1-copie-6-768x532.png 768w, https:\/\/www.kapcode.fr\/wp-content\/uploads\/2021\/05\/KCcovid_site_illu_Plan-de-travail-1-copie-6-1536x1063.png 1536w, https:\/\/www.kapcode.fr\/wp-content\/uploads\/2021\/05\/KCcovid_site_illu_Plan-de-travail-1-copie-6-2048x1418.png 2048w\" sizes=\"(max-width: 300px) 100vw, 300px\">\t\t\t\t\t\t\t\t\t\t\t\t\t\t\t<\/div>\n\t\t\t\t<\/div>\n\t\t\t\t\t<\/div>\n\t\t<\/div>\n\t\t\t\t<div class=\"elementor-column elementor-col-50 elementor-inner-column elementor-element elementor-element-f1ffbeb\" data-id=\"f1ffbeb\" data-element_type=\"column\" data-e-type=\"column\">\n\t\t\t<div class=\"elementor-widget-wrap elementor-element-populated\">\n\t\t\t\t\t\t<div class=\"elementor-element elementor-element-ec3717b elementor-widget elementor-widget-heading\" data-id=\"ec3717b\" data-element_type=\"widget\" data-e-type=\"widget\" data-widget_type=\"heading.default\">\n\t\t\t\t<div class=\"elementor-widget-container\">\n\t\t\t\t\t<h2 class=\"elementor-heading-title elementor-size-default\">Tailor-made communication for patients<\/h2>\t\t\t\t<\/div>\n\t\t\t\t<\/div>\n\t\t\t\t<div class=\"elementor-element elementor-element-c7ce5f8 elementor-widget elementor-widget-text-editor\" data-id=\"c7ce5f8\" data-element_type=\"widget\" data-e-type=\"widget\" data-widget_type=\"text-editor.default\">\n\t\t\t\t<div class=\"elementor-widget-container\">\n\t\t\t\t\t\t\t\t\t<p>Social networks and discussion forums are a way for Internet users to express themselves on their pathology and their treatments. Beyond sharing experiences, these discussions are an opportunity for them to confide their fears and questions as well as to exchange advice on managing their disease.<br \/>With medical listening on social networks, get relevant insights directly from patients to better understand them, including for rare diseases. Thanks to this innovative understanding of the patient experience, refine your discourse and develop support tools that are as close as possible to the needs expressed by the various patient populations, adapted to their questions and their care pathway.<\/p>\t\t\t\t\t\t\t\t<\/div>\n\t\t\t\t<\/div>\n\t\t\t\t\t<\/div>\n\t\t<\/div>\n\t\t\t\t\t<\/div>\n\t\t<\/section>\n\t\t\t\t<section class=\"elementor-section elementor-inner-section elementor-element elementor-element-20ced2e elementor-section-content-middle elementor-section-boxed elementor-section-height-default elementor-section-height-default\" data-id=\"20ced2e\" data-element_type=\"section\" data-e-type=\"section\">\n\t\t\t\t\t\t<div class=\"elementor-container elementor-column-gap-default\">\n\t\t\t\t\t<div class=\"elementor-column elementor-col-50 elementor-inner-column elementor-element elementor-element-fff212f\" data-id=\"fff212f\" data-element_type=\"column\" data-e-type=\"column\">\n\t\t\t<div class=\"elementor-widget-wrap elementor-element-populated\">\n\t\t\t\t\t\t<div class=\"elementor-element elementor-element-6f51b7a elementor-widget elementor-widget-heading\" data-id=\"6f51b7a\" data-element_type=\"widget\" data-e-type=\"widget\" data-widget_type=\"heading.default\">\n\t\t\t\t<div class=\"elementor-widget-container\">\n\t\t\t\t\t<h2 class=\"elementor-heading-title elementor-size-default\">A better relationship with health professionals<\/h2>\t\t\t\t<\/div>\n\t\t\t\t<\/div>\n\t\t\t\t<div class=\"elementor-element elementor-element-d2cd707 elementor-widget elementor-widget-text-editor\" data-id=\"d2cd707\" data-element_type=\"widget\" data-e-type=\"widget\" data-widget_type=\"text-editor.default\">\n\t\t\t\t<div class=\"elementor-widget-container\">\n\t\t\t\t\t\t\t\t\tListening, observing and understanding the patient are essential to the care relationship. Patients, their relatives and caregivers testify online about the care pathway, unmet needs and their perception of the pathology and treatments. The analysis of social networks allows to highlight essential points about the medical needs of patients or their emotional states during their treatments. These elements can help healthcare professionals to better understand patients' expectations and to better support them. With the help of an innovative analysis based on the patient experience, strengthen your relationship with healthcare professionals by offering them resources to improve their daily practice.\t\t\t\t\t\t\t\t<\/div>\n\t\t\t\t<\/div>\n\t\t\t\t\t<\/div>\n\t\t<\/div>\n\t\t\t\t<div class=\"elementor-column elementor-col-50 elementor-inner-column elementor-element elementor-element-5c1edb8\" data-id=\"5c1edb8\" data-element_type=\"column\" data-e-type=\"column\">\n\t\t\t<div class=\"elementor-widget-wrap elementor-element-populated\">\n\t\t\t\t\t\t<div class=\"elementor-element elementor-element-4acb7bd elementor-widget elementor-widget-image\" data-id=\"4acb7bd\" data-element_type=\"widget\" data-e-type=\"widget\" data-widget_type=\"image.default\">\n\t\t\t\t<div class=\"elementor-widget-container\">\n\t\t\t\t\t\t\t\t\t\t\t\t\t\t\t<img loading=\"lazy\" decoding=\"async\" width=\"300\" height=\"208\" src=\"https:\/\/www.kapcode.fr\/wp-content\/uploads\/2021\/05\/KCcovid_site_illu_Plan-de-travail-1-copie-11-300x208.png\" class=\"attachment-medium size-medium wp-image-117\" alt=\"\" srcset=\"https:\/\/www.kapcode.fr\/wp-content\/uploads\/2021\/05\/KCcovid_site_illu_Plan-de-travail-1-copie-11-300x208.png 300w, https:\/\/www.kapcode.fr\/wp-content\/uploads\/2021\/05\/KCcovid_site_illu_Plan-de-travail-1-copie-11-1024x709.png 1024w, https:\/\/www.kapcode.fr\/wp-content\/uploads\/2021\/05\/KCcovid_site_illu_Plan-de-travail-1-copie-11-768x532.png 768w, https:\/\/www.kapcode.fr\/wp-content\/uploads\/2021\/05\/KCcovid_site_illu_Plan-de-travail-1-copie-11-1536x1064.png 1536w, https:\/\/www.kapcode.fr\/wp-content\/uploads\/2021\/05\/KCcovid_site_illu_Plan-de-travail-1-copie-11-2048x1418.png 2048w\" sizes=\"(max-width: 300px) 100vw, 300px\">\t\t\t\t\t\t\t\t\t\t\t\t\t\t\t<\/div>\n\t\t\t\t<\/div>\n\t\t\t\t\t<\/div>\n\t\t<\/div>\n\t\t\t\t\t<\/div>\n\t\t<\/section>\n\t\t\t\t\t<\/div>\n\t\t<\/div>\n\t\t\t\t\t<\/div>\n\t\t<\/section>\n\t\t\t\t<\/div>","protected":false},"excerpt":{"rendered":"<p>Detec&rsquo;t Avec Detec\u2019t, soyez au plus proche de l\u2019exp\u00e9rience des patients et professionnels de sant\u00e9 partag\u00e9e sur les r\u00e9seaux sociaux, pour am\u00e9liorer votre compr\u00e9hension et optimiser votre communication \u00e0 destination des diff\u00e9rentes parties prenantes en sant\u00e9. \u00a0 Une source innovante de donn\u00e9es en vie r\u00e9elle 1 fran\u00e7ais sur 3 parle de sa sant\u00e9 en ligne. [&hellip;]<\/p>\n","protected":false},"author":1,"featured_media":119,"parent":0,"menu_order":0,"comment_status":"closed","ping_status":"closed","template":"","meta":{"site-sidebar-layout":"no-sidebar","site-content-layout":"page-builder","ast-site-content-layout":"default","site-content-style":"default","site-sidebar-style":"default","ast-global-header-display":"","ast-banner-title-visibility":"","ast-main-header-display":"","ast-hfb-above-header-display":"","ast-hfb-below-header-display":"","ast-hfb-mobile-header-display":"","site-post-title":"disabled","ast-breadcrumbs-content":"","ast-featured-img":"disabled","footer-sml-layout":"","ast-disable-related-posts":"","theme-transparent-header-meta":"default","adv-header-id-meta":"","stick-header-meta":"default","header-above-stick-meta":"","header-main-stick-meta":"","header-below-stick-meta":"","astra-migrate-meta-layouts":"default","ast-page-background-enabled":"default","ast-page-background-meta":{"desktop":{"background-color":"","background-image":"","background-repeat":"repeat","background-position":"center center","background-size":"auto","background-attachment":"scroll","background-type":"","background-media":"","overlay-type":"","overlay-color":"","overlay-opacity":"","overlay-gradient":""},"tablet":{"background-color":"","background-image":"","background-repeat":"repeat","background-position":"center center","background-size":"auto","background-attachment":"scroll","background-type":"","background-media":"","overlay-type":"","overlay-color":"","overlay-opacity":"","overlay-gradient":""},"mobile":{"background-color":"","background-image":"","background-repeat":"repeat","background-position":"center center","background-size":"auto","background-attachment":"scroll","background-type":"","background-media":"","overlay-type":"","overlay-color":"","overlay-opacity":"","overlay-gradient":""}},"ast-content-background-meta":{"desktop":{"background-color":"var(--ast-global-color-5)","background-image":"","background-repeat":"repeat","background-position":"center center","background-size":"auto","background-attachment":"scroll","background-type":"","background-media":"","overlay-type":"","overlay-color":"","overlay-opacity":"","overlay-gradient":""},"tablet":{"background-color":"var(--ast-global-color-5)","background-image":"","background-repeat":"repeat","background-position":"center center","background-size":"auto","background-attachment":"scroll","background-type":"","background-media":"","overlay-type":"","overlay-color":"","overlay-opacity":"","overlay-gradient":""},"mobile":{"background-color":"var(--ast-global-color-5)","background-image":"","background-repeat":"repeat","background-position":"center center","background-size":"auto","background-attachment":"scroll","background-type":"","background-media":"","overlay-type":"","overlay-color":"","overlay-opacity":"","overlay-gradient":""}},"footnotes":""},"class_list":["post-541","page","type-page","status-publish","has-post-thumbnail","hentry"],"_links":{"self":[{"href":"https:\/\/www.kapcode.fr\/en\/wp-json\/wp\/v2\/pages\/541","targetHints":{"allow":["GET"]}}],"collection":[{"href":"https:\/\/www.kapcode.fr\/en\/wp-json\/wp\/v2\/pages"}],"about":[{"href":"https:\/\/www.kapcode.fr\/en\/wp-json\/wp\/v2\/types\/page"}],"author":[{"embeddable":true,"href":"https:\/\/www.kapcode.fr\/en\/wp-json\/wp\/v2\/users\/1"}],"replies":[{"embeddable":true,"href":"https:\/\/www.kapcode.fr\/en\/wp-json\/wp\/v2\/comments?post=541"}],"version-history":[{"count":0,"href":"https:\/\/www.kapcode.fr\/en\/wp-json\/wp\/v2\/pages\/541\/revisions"}],"wp:featuredmedia":[{"embeddable":true,"href":"https:\/\/www.kapcode.fr\/en\/wp-json\/wp\/v2\/media\/119"}],"wp:attachment":[{"href":"https:\/\/www.kapcode.fr\/en\/wp-json\/wp\/v2\/media?parent=541"}],"curies":[{"name":"wp","href":"https:\/\/api.w.org\/{rel}","templated":true}]}}