{"id":543,"date":"2021-05-21T11:15:54","date_gmt":"2021-05-21T09:15:54","guid":{"rendered":"https:\/\/www.kapcode.fr\/?page_id=543"},"modified":"2021-07-10T01:38:15","modified_gmt":"2021-07-09T23:38:15","slug":"market-access","status":"publish","type":"page","link":"https:\/\/www.kapcode.fr\/en\/market-access\/","title":{"rendered":"Market access"},"content":{"rendered":"<div data-elementor-type=\"wp-page\" data-elementor-id=\"543\" class=\"elementor elementor-543\" data-elementor-post-type=\"page\">\n\t\t\t\t\t\t<section class=\"elementor-section elementor-top-section elementor-element elementor-element-43054263 elementor-section-boxed elementor-section-height-default elementor-section-height-default\" data-id=\"43054263\" data-element_type=\"section\" data-e-type=\"section\">\n\t\t\t\t\t\t<div class=\"elementor-container elementor-column-gap-no\">\n\t\t\t\t\t<div class=\"elementor-column elementor-col-100 elementor-top-column elementor-element elementor-element-42290e36\" data-id=\"42290e36\" data-element_type=\"column\" data-e-type=\"column\">\n\t\t\t<div class=\"elementor-widget-wrap elementor-element-populated\">\n\t\t\t\t\t\t<div class=\"elementor-element elementor-element-7159d094 elementor-widget elementor-widget-shortcode\" data-id=\"7159d094\" data-element_type=\"widget\" data-e-type=\"widget\" data-widget_type=\"shortcode.default\">\n\t\t\t\t<div class=\"elementor-widget-container\">\n\t\t\t\t\t\t\t<div class=\"elementor-shortcode\"><div class=\"ast-breadcrumbs-wrapper\">\n\t\t\t<div class=\"ast-breadcrumbs-inner\"><nav role=\"navigation\" aria-label=\"Breadcrumbs\" class=\"breadcrumb-trail breadcrumbs\" ><div class=\"ast-breadcrumbs\"><ul class=\"trail-items\" ><li  class=\"trail-item trail-end\"><span><a href=\"https:\/\/www.kapcode.fr\/en\/\" rel=\"home\"><span >Home<\/span><\/a><\/span><\/li><\/ul><\/div><\/nav><\/div>\n\t\t<\/div><\/div>\n\t\t\t\t\t\t<\/div>\n\t\t\t\t<\/div>\n\t\t\t\t\t<\/div>\n\t\t<\/div>\n\t\t\t\t\t<\/div>\n\t\t<\/section>\n\t\t\t\t<section class=\"elementor-section elementor-top-section elementor-element elementor-element-4359cbf5 elementor-section-boxed elementor-section-height-default elementor-section-height-default\" data-id=\"4359cbf5\" data-element_type=\"section\" data-e-type=\"section\">\n\t\t\t\t\t\t<div class=\"elementor-container elementor-column-gap-no\">\n\t\t\t\t\t<div class=\"elementor-column elementor-col-50 elementor-top-column elementor-element elementor-element-75523e84\" data-id=\"75523e84\" data-element_type=\"column\" data-e-type=\"column\">\n\t\t\t<div class=\"elementor-widget-wrap elementor-element-populated\">\n\t\t\t\t\t\t<div class=\"elementor-element elementor-element-40d068f elementor-widget elementor-widget-heading\" data-id=\"40d068f\" data-element_type=\"widget\" data-e-type=\"widget\" data-widget_type=\"heading.default\">\n\t\t\t\t<div class=\"elementor-widget-container\">\n\t\t\t\t\t<p class=\"elementor-heading-title elementor-size-default\">Detec't<\/p>\t\t\t\t<\/div>\n\t\t\t\t<\/div>\n\t\t\t\t<div class=\"elementor-element elementor-element-5307acc4 animated-slow elementor-invisible elementor-widget elementor-widget-text-editor\" data-id=\"5307acc4\" data-element_type=\"widget\" data-e-type=\"widget\" data-settings=\"{&quot;_animation&quot;:&quot;fadeInDown&quot;}\" data-widget_type=\"text-editor.default\">\n\t\t\t\t<div class=\"elementor-widget-container\">\n\t\t\t\t\t\t\t\t\t<p>With Detec't, get real-life data from spontaneous testimonials shared on social networks by patients and their caregivers. From real-life treatment use to quality of life impacts and unmet medical needs, optimize your HEOR strategies with these innovative, large-scale insights focused on the patient experience.<\/p>\t\t\t\t\t\t\t\t<\/div>\n\t\t\t\t<\/div>\n\t\t\t\t\t<\/div>\n\t\t<\/div>\n\t\t\t\t<div class=\"elementor-column elementor-col-50 elementor-top-column elementor-element elementor-element-3485ac00 elementor-hidden-phone\" data-id=\"3485ac00\" data-element_type=\"column\" data-e-type=\"column\" data-settings=\"{&quot;background_background&quot;:&quot;classic&quot;}\">\n\t\t\t<div class=\"elementor-widget-wrap elementor-element-populated\">\n\t\t\t\t\t\t<div class=\"elementor-element elementor-element-465c73ce elementor-widget elementor-widget-image\" data-id=\"465c73ce\" data-element_type=\"widget\" data-e-type=\"widget\" id=\"hero-img\" data-widget_type=\"image.default\">\n\t\t\t\t<div class=\"elementor-widget-container\">\n\t\t\t\t\t\t\t\t\t\t\t\t\t\t\t<img fetchpriority=\"high\" decoding=\"async\" width=\"1024\" height=\"870\" src=\"https:\/\/www.kapcode.fr\/wp-content\/uploads\/2021\/05\/Plan-de-travail-2-copie-16-1024x870.png\" class=\"attachment-large size-large wp-image-92\" alt=\"\" srcset=\"https:\/\/www.kapcode.fr\/wp-content\/uploads\/2021\/05\/Plan-de-travail-2-copie-16-1024x870.png 1024w, https:\/\/www.kapcode.fr\/wp-content\/uploads\/2021\/05\/Plan-de-travail-2-copie-16-300x255.png 300w, https:\/\/www.kapcode.fr\/wp-content\/uploads\/2021\/05\/Plan-de-travail-2-copie-16-768x653.png 768w, https:\/\/www.kapcode.fr\/wp-content\/uploads\/2021\/05\/Plan-de-travail-2-copie-16.png 1104w\" sizes=\"(max-width: 1024px) 100vw, 1024px\">\t\t\t\t\t\t\t\t\t\t\t\t\t\t\t<\/div>\n\t\t\t\t<\/div>\n\t\t\t\t\t<\/div>\n\t\t<\/div>\n\t\t\t\t\t<\/div>\n\t\t<\/section>\n\t\t\t\t<section class=\"elementor-section elementor-top-section elementor-element elementor-element-822d580 elementor-section-boxed elementor-section-height-default elementor-section-height-default\" data-id=\"822d580\" data-element_type=\"section\" data-e-type=\"section\">\n\t\t\t\t\t\t<div class=\"elementor-container elementor-column-gap-no\">\n\t\t\t\t\t<div class=\"elementor-column elementor-col-100 elementor-top-column elementor-element elementor-element-acc404b\" data-id=\"acc404b\" data-element_type=\"column\" data-e-type=\"column\">\n\t\t\t<div class=\"elementor-widget-wrap elementor-element-populated\">\n\t\t\t\t\t\t<section class=\"elementor-section elementor-inner-section elementor-element elementor-element-29159a2 elementor-section-content-middle elementor-section-boxed elementor-section-height-default elementor-section-height-default\" data-id=\"29159a2\" data-element_type=\"section\" data-e-type=\"section\">\n\t\t\t\t\t\t<div class=\"elementor-container elementor-column-gap-default\">\n\t\t\t\t\t<div class=\"elementor-column elementor-col-50 elementor-inner-column elementor-element elementor-element-dbabc54\" data-id=\"dbabc54\" data-element_type=\"column\" data-e-type=\"column\">\n\t\t\t<div class=\"elementor-widget-wrap elementor-element-populated\">\n\t\t\t\t\t\t<div class=\"elementor-element elementor-element-c4018a4 elementor-widget elementor-widget-heading\" data-id=\"c4018a4\" data-element_type=\"widget\" data-e-type=\"widget\" data-widget_type=\"heading.default\">\n\t\t\t\t<div class=\"elementor-widget-container\">\n\t\t\t\t\t<h2 class=\"elementor-heading-title elementor-size-default\">A new source of real-life data<\/h2>\t\t\t\t<\/div>\n\t\t\t\t<\/div>\n\t\t\t\t<div class=\"elementor-element elementor-element-411b030 elementor-widget elementor-widget-text-editor\" data-id=\"411b030\" data-element_type=\"widget\" data-e-type=\"widget\" data-widget_type=\"text-editor.default\">\n\t\t\t\t<div class=\"elementor-widget-container\">\n\t\t\t\t\t\t\t\t\t29% of French people have already talked about their health online. On social networks and discussion forums, patients speak spontaneously and in their own words about their experience of an illness, their care path, the impact on their quality of life or their perception of treatments, questions, beliefs and knowledge associated with their health condition.\nInfodemiology, medical analysis of social networks (<em>medical social listening), <\/em>coupled with artificial intelligence algorithms based on validated medical methods and scales, translates patient language into medical ontologies to collect and analyze real-life data from patient populations.\t\t\t\t\t\t\t\t<\/div>\n\t\t\t\t<\/div>\n\t\t\t\t\t<\/div>\n\t\t<\/div>\n\t\t\t\t<div class=\"elementor-column elementor-col-50 elementor-inner-column elementor-element elementor-element-5cb46d5\" data-id=\"5cb46d5\" data-element_type=\"column\" data-e-type=\"column\">\n\t\t\t<div class=\"elementor-widget-wrap elementor-element-populated\">\n\t\t\t\t\t\t<div class=\"elementor-element elementor-element-9b2e0d7 elementor-widget elementor-widget-image\" data-id=\"9b2e0d7\" data-element_type=\"widget\" data-e-type=\"widget\" data-widget_type=\"image.default\">\n\t\t\t\t<div class=\"elementor-widget-container\">\n\t\t\t\t\t\t\t\t\t\t\t\t\t\t\t<img decoding=\"async\" width=\"300\" height=\"268\" src=\"https:\/\/www.kapcode.fr\/wp-content\/uploads\/2021\/05\/KCsite_illu-83-300x268.png\" class=\"attachment-medium size-medium wp-image-307\" alt=\"\" srcset=\"https:\/\/www.kapcode.fr\/wp-content\/uploads\/2021\/05\/KCsite_illu-83-300x268.png 300w, https:\/\/www.kapcode.fr\/wp-content\/uploads\/2021\/05\/KCsite_illu-83-1024x914.png 1024w, https:\/\/www.kapcode.fr\/wp-content\/uploads\/2021\/05\/KCsite_illu-83-768x685.png 768w, https:\/\/www.kapcode.fr\/wp-content\/uploads\/2021\/05\/KCsite_illu-83-1536x1370.png 1536w, https:\/\/www.kapcode.fr\/wp-content\/uploads\/2021\/05\/KCsite_illu-83-2048x1827.png 2048w\" sizes=\"(max-width: 300px) 100vw, 300px\">\t\t\t\t\t\t\t\t\t\t\t\t\t\t\t<\/div>\n\t\t\t\t<\/div>\n\t\t\t\t\t<\/div>\n\t\t<\/div>\n\t\t\t\t\t<\/div>\n\t\t<\/section>\n\t\t\t\t<section class=\"elementor-section elementor-inner-section elementor-element elementor-element-cda2894 elementor-section-content-middle elementor-reverse-mobile elementor-section-boxed elementor-section-height-default elementor-section-height-default\" data-id=\"cda2894\" data-element_type=\"section\" data-e-type=\"section\">\n\t\t\t\t\t\t<div class=\"elementor-container elementor-column-gap-default\">\n\t\t\t\t\t<div class=\"elementor-column elementor-col-50 elementor-inner-column elementor-element elementor-element-6e886ac\" data-id=\"6e886ac\" data-element_type=\"column\" data-e-type=\"column\">\n\t\t\t<div class=\"elementor-widget-wrap elementor-element-populated\">\n\t\t\t\t\t\t<div class=\"elementor-element elementor-element-da3a23a elementor-widget elementor-widget-image\" data-id=\"da3a23a\" data-element_type=\"widget\" data-e-type=\"widget\" data-widget_type=\"image.default\">\n\t\t\t\t<div class=\"elementor-widget-container\">\n\t\t\t\t\t\t\t\t\t\t\t\t\t\t\t<img decoding=\"async\" width=\"300\" height=\"273\" src=\"https:\/\/www.kapcode.fr\/wp-content\/uploads\/2021\/05\/Plan-de-travail-24-copie-3-300x273.png\" class=\"attachment-medium size-medium wp-image-89\" alt=\"\" srcset=\"https:\/\/www.kapcode.fr\/wp-content\/uploads\/2021\/05\/Plan-de-travail-24-copie-3-300x273.png 300w, https:\/\/www.kapcode.fr\/wp-content\/uploads\/2021\/05\/Plan-de-travail-24-copie-3.png 713w\" sizes=\"(max-width: 300px) 100vw, 300px\">\t\t\t\t\t\t\t\t\t\t\t\t\t\t\t<\/div>\n\t\t\t\t<\/div>\n\t\t\t\t\t<\/div>\n\t\t<\/div>\n\t\t\t\t<div class=\"elementor-column elementor-col-50 elementor-inner-column elementor-element elementor-element-c853cb4\" data-id=\"c853cb4\" data-element_type=\"column\" data-e-type=\"column\">\n\t\t\t<div class=\"elementor-widget-wrap elementor-element-populated\">\n\t\t\t\t\t\t<div class=\"elementor-element elementor-element-a6c52d5 elementor-widget elementor-widget-heading\" data-id=\"a6c52d5\" data-element_type=\"widget\" data-e-type=\"widget\" data-widget_type=\"heading.default\">\n\t\t\t\t<div class=\"elementor-widget-container\">\n\t\t\t\t\t<h2 class=\"elementor-heading-title elementor-size-default\">A patient-centered strategy<\/h2>\t\t\t\t<\/div>\n\t\t\t\t<\/div>\n\t\t\t\t<div class=\"elementor-element elementor-element-7f4d50d elementor-widget elementor-widget-text-editor\" data-id=\"7f4d50d\" data-element_type=\"widget\" data-e-type=\"widget\" data-widget_type=\"text-editor.default\">\n\t\t\t\t<div class=\"elementor-widget-container\">\n\t\t\t\t\t\t\t\t\tSocial networks and discussion forums are a way for Internet users to express themselves on their pathology, their treatments and the impact of their health condition on their lives. They confide their questions, fears and are often looking for help. As close as possible to real life, the analysis of these large volumes of free data leads to indicators directly from the populations of health users and constitutes an innovative and complementary approach to health evaluation, including for rare diseases.\nWith this patient experience data, complement your evaluation and monitoring strategies by using the indicators, arguments and needs expressed by the different patient populations.\nInfodemiology as the voice of the patient puts health care users back at the heart of market access\/HEOR approaches. From the free voice of patients, we can bring to light the known expectations and needs that are still unknown to healthcare stakeholders.\nArtificial intelligence analysis translates testimonies into usable indicators from both a public health and an industrial health perspective.\t\t\t\t\t\t\t\t<\/div>\n\t\t\t\t<\/div>\n\t\t\t\t\t<\/div>\n\t\t<\/div>\n\t\t\t\t\t<\/div>\n\t\t<\/section>\n\t\t\t\t\t<\/div>\n\t\t<\/div>\n\t\t\t\t\t<\/div>\n\t\t<\/section>\n\t\t\t\t<\/div>","protected":false},"excerpt":{"rendered":"<p>Detec&rsquo;t Avec Detec\u2019t, obtenez des donn\u00e9es de vie r\u00e9elle issues des t\u00e9moignages spontan\u00e9s et partag\u00e9s sur les r\u00e9seaux sociaux par les patients et leurs aidants. De l\u2019utilisation en vie r\u00e9elle des traitements, aux impacts de qualit\u00e9 de vie et besoins m\u00e9dicaux non couverts, optimisez vos strat\u00e9gies HEOR avec ces insights innovants, \u00e0 large \u00e9chelle, centr\u00e9s [&hellip;]<\/p>\n","protected":false},"author":1,"featured_media":92,"parent":0,"menu_order":0,"comment_status":"closed","ping_status":"closed","template":"","meta":{"site-sidebar-layout":"no-sidebar","site-content-layout":"page-builder","ast-site-content-layout":"default","site-content-style":"default","site-sidebar-style":"default","ast-global-header-display":"","ast-banner-title-visibility":"","ast-main-header-display":"","ast-hfb-above-header-display":"","ast-hfb-below-header-display":"","ast-hfb-mobile-header-display":"","site-post-title":"disabled","ast-breadcrumbs-content":"","ast-featured-img":"disabled","footer-sml-layout":"","ast-disable-related-posts":"","theme-transparent-header-meta":"default","adv-header-id-meta":"","stick-header-meta":"default","header-above-stick-meta":"","header-main-stick-meta":"","header-below-stick-meta":"","astra-migrate-meta-layouts":"default","ast-page-background-enabled":"default","ast-page-background-meta":{"desktop":{"background-color":"","background-image":"","background-repeat":"repeat","background-position":"center center","background-size":"auto","background-attachment":"scroll","background-type":"","background-media":"","overlay-type":"","overlay-color":"","overlay-opacity":"","overlay-gradient":""},"tablet":{"background-color":"","background-image":"","background-repeat":"repeat","background-position":"center center","background-size":"auto","background-attachment":"scroll","background-type":"","background-media":"","overlay-type":"","overlay-color":"","overlay-opacity":"","overlay-gradient":""},"mobile":{"background-color":"","background-image":"","background-repeat":"repeat","background-position":"center center","background-size":"auto","background-attachment":"scroll","background-type":"","background-media":"","overlay-type":"","overlay-color":"","overlay-opacity":"","overlay-gradient":""}},"ast-content-background-meta":{"desktop":{"background-color":"var(--ast-global-color-5)","background-image":"","background-repeat":"repeat","background-position":"center center","background-size":"auto","background-attachment":"scroll","background-type":"","background-media":"","overlay-type":"","overlay-color":"","overlay-opacity":"","overlay-gradient":""},"tablet":{"background-color":"var(--ast-global-color-5)","background-image":"","background-repeat":"repeat","background-position":"center center","background-size":"auto","background-attachment":"scroll","background-type":"","background-media":"","overlay-type":"","overlay-color":"","overlay-opacity":"","overlay-gradient":""},"mobile":{"background-color":"var(--ast-global-color-5)","background-image":"","background-repeat":"repeat","background-position":"center center","background-size":"auto","background-attachment":"scroll","background-type":"","background-media":"","overlay-type":"","overlay-color":"","overlay-opacity":"","overlay-gradient":""}},"footnotes":""},"class_list":["post-543","page","type-page","status-publish","has-post-thumbnail","hentry"],"_links":{"self":[{"href":"https:\/\/www.kapcode.fr\/en\/wp-json\/wp\/v2\/pages\/543","targetHints":{"allow":["GET"]}}],"collection":[{"href":"https:\/\/www.kapcode.fr\/en\/wp-json\/wp\/v2\/pages"}],"about":[{"href":"https:\/\/www.kapcode.fr\/en\/wp-json\/wp\/v2\/types\/page"}],"author":[{"embeddable":true,"href":"https:\/\/www.kapcode.fr\/en\/wp-json\/wp\/v2\/users\/1"}],"replies":[{"embeddable":true,"href":"https:\/\/www.kapcode.fr\/en\/wp-json\/wp\/v2\/comments?post=543"}],"version-history":[{"count":0,"href":"https:\/\/www.kapcode.fr\/en\/wp-json\/wp\/v2\/pages\/543\/revisions"}],"wp:featuredmedia":[{"embeddable":true,"href":"https:\/\/www.kapcode.fr\/en\/wp-json\/wp\/v2\/media\/92"}],"wp:attachment":[{"href":"https:\/\/www.kapcode.fr\/en\/wp-json\/wp\/v2\/media?parent=543"}],"curies":[{"name":"wp","href":"https:\/\/api.w.org\/{rel}","templated":true}]}}