{"id":592,"date":"2021-05-21T11:31:07","date_gmt":"2021-05-21T09:31:07","guid":{"rendered":"https:\/\/www.kapcode.fr\/?page_id=592"},"modified":"2023-02-20T11:51:31","modified_gmt":"2023-02-20T10:51:31","slug":"espace-presse","status":"publish","type":"page","link":"https:\/\/www.kapcode.fr\/en\/press\/","title":{"rendered":"Press"},"content":{"rendered":"<div data-elementor-type=\"wp-page\" data-elementor-id=\"592\" class=\"elementor elementor-592\" data-elementor-post-type=\"page\">\n\t\t\t\t\t\t<section class=\"elementor-section elementor-top-section elementor-element elementor-element-a11c5a2 elementor-section-boxed elementor-section-height-default elementor-section-height-default\" data-id=\"a11c5a2\" data-element_type=\"section\" data-e-type=\"section\">\n\t\t\t\t\t\t<div class=\"elementor-container elementor-column-gap-no\">\n\t\t\t\t\t<div class=\"elementor-column elementor-col-100 elementor-top-column elementor-element elementor-element-64ba1eb\" data-id=\"64ba1eb\" data-element_type=\"column\" data-e-type=\"column\">\n\t\t\t<div class=\"elementor-widget-wrap elementor-element-populated\">\n\t\t\t\t\t\t<div class=\"elementor-element elementor-element-77a7aa1 elementor-widget elementor-widget-shortcode\" data-id=\"77a7aa1\" data-element_type=\"widget\" data-e-type=\"widget\" data-widget_type=\"shortcode.default\">\n\t\t\t\t<div class=\"elementor-widget-container\">\n\t\t\t\t\t\t\t<div class=\"elementor-shortcode\"><div class=\"ast-breadcrumbs-wrapper\">\n\t\t\t<div class=\"ast-breadcrumbs-inner\"><nav role=\"navigation\" aria-label=\"Breadcrumbs\" class=\"breadcrumb-trail breadcrumbs\" ><div class=\"ast-breadcrumbs\"><ul class=\"trail-items\" ><li  class=\"trail-item trail-end\"><span><a href=\"https:\/\/www.kapcode.fr\/en\/\" rel=\"home\"><span >Home<\/span><\/a><\/span><\/li><\/ul><\/div><\/nav><\/div>\n\t\t<\/div><\/div>\n\t\t\t\t\t\t<\/div>\n\t\t\t\t<\/div>\n\t\t\t\t\t<\/div>\n\t\t<\/div>\n\t\t\t\t\t<\/div>\n\t\t<\/section>\n\t\t\t\t<section class=\"elementor-section elementor-top-section elementor-element elementor-element-a35d0a2 elementor-section-boxed elementor-section-height-default elementor-section-height-default\" data-id=\"a35d0a2\" data-element_type=\"section\" data-e-type=\"section\">\n\t\t\t\t\t\t<div class=\"elementor-container elementor-column-gap-no\">\n\t\t\t\t\t<div class=\"elementor-column elementor-col-50 elementor-top-column elementor-element elementor-element-a13311d\" data-id=\"a13311d\" data-element_type=\"column\" data-e-type=\"column\">\n\t\t\t<div class=\"elementor-widget-wrap elementor-element-populated\">\n\t\t\t\t\t\t<div class=\"elementor-element elementor-element-d659555 animated-slow elementor-invisible elementor-widget elementor-widget-text-editor\" data-id=\"d659555\" data-element_type=\"widget\" data-e-type=\"widget\" data-settings=\"{&quot;_animation&quot;:&quot;fadeInDown&quot;}\" data-widget_type=\"text-editor.default\">\n\t\t\t\t<div class=\"elementor-widget-container\">\n\t\t\t\t\t\t\t\t\t<p>In our space dedicated to media professionals, find a set of regularly updated resources.<\/p>\t\t\t\t\t\t\t\t<\/div>\n\t\t\t\t<\/div>\n\t\t\t\t\t<\/div>\n\t\t<\/div>\n\t\t\t\t<div class=\"elementor-column elementor-col-50 elementor-top-column elementor-element elementor-element-af917e7 elementor-hidden-phone\" data-id=\"af917e7\" data-element_type=\"column\" data-e-type=\"column\" data-settings=\"{&quot;background_background&quot;:&quot;classic&quot;}\">\n\t\t\t<div class=\"elementor-widget-wrap elementor-element-populated\">\n\t\t\t\t\t\t<div class=\"elementor-element elementor-element-8bcff68 elementor-widget elementor-widget-image\" data-id=\"8bcff68\" data-element_type=\"widget\" data-e-type=\"widget\" data-widget_type=\"image.default\">\n\t\t\t\t<div class=\"elementor-widget-container\">\n\t\t\t\t\t\t\t\t\t\t\t\t\t\t\t<img fetchpriority=\"high\" decoding=\"async\" width=\"1024\" height=\"709\" src=\"https:\/\/www.kapcode.fr\/wp-content\/uploads\/2022\/02\/KC_site_Plan-de-travail-1-copie-45-1024x709.png\" class=\"attachment-large size-large wp-image-12873\" alt=\"\" srcset=\"https:\/\/www.kapcode.fr\/wp-content\/uploads\/2022\/02\/KC_site_Plan-de-travail-1-copie-45-1024x709.png 1024w, https:\/\/www.kapcode.fr\/wp-content\/uploads\/2022\/02\/KC_site_Plan-de-travail-1-copie-45-300x208.png 300w, https:\/\/www.kapcode.fr\/wp-content\/uploads\/2022\/02\/KC_site_Plan-de-travail-1-copie-45-768x532.png 768w, https:\/\/www.kapcode.fr\/wp-content\/uploads\/2022\/02\/KC_site_Plan-de-travail-1-copie-45-1536x1064.png 1536w, https:\/\/www.kapcode.fr\/wp-content\/uploads\/2022\/02\/KC_site_Plan-de-travail-1-copie-45-2048x1418.png 2048w, https:\/\/www.kapcode.fr\/wp-content\/uploads\/2022\/02\/KC_site_Plan-de-travail-1-copie-45-18x12.png 18w\" sizes=\"(max-width: 1024px) 100vw, 1024px\">\t\t\t\t\t\t\t\t\t\t\t\t\t\t\t<\/div>\n\t\t\t\t<\/div>\n\t\t\t\t\t<\/div>\n\t\t<\/div>\n\t\t\t\t\t<\/div>\n\t\t<\/section>\n\t\t\t\t<section class=\"elementor-section elementor-top-section elementor-element elementor-element-5d5ad43 elementor-section-boxed elementor-section-height-default elementor-section-height-default\" data-id=\"5d5ad43\" data-element_type=\"section\" data-e-type=\"section\">\n\t\t\t\t\t\t<div class=\"elementor-container elementor-column-gap-no\">\n\t\t\t\t\t<div class=\"elementor-column elementor-col-100 elementor-top-column elementor-element elementor-element-3539d22\" data-id=\"3539d22\" data-element_type=\"column\" data-e-type=\"column\">\n\t\t\t<div class=\"elementor-widget-wrap elementor-element-populated\">\n\t\t\t\t\t\t<div class=\"elementor-element elementor-element-12e955d elementor-widget elementor-widget-heading\" data-id=\"12e955d\" data-element_type=\"widget\" data-e-type=\"widget\" data-widget_type=\"heading.default\">\n\t\t\t\t<div class=\"elementor-widget-container\">\n\t\t\t\t\t<h2 class=\"elementor-heading-title elementor-size-default\">Latest press releases<\/h2>\t\t\t\t<\/div>\n\t\t\t\t<\/div>\n\t\t\t\t<div class=\"elementor-element elementor-element-0e6f3b7 elementor-grid-3 elementor-grid-tablet-2 elementor-grid-mobile-1 elementor-posts--thumbnail-top elementor-card-shadow-yes elementor-posts__hover-gradient elementor-widget elementor-widget-posts\" data-id=\"0e6f3b7\" data-element_type=\"widget\" data-e-type=\"widget\" id=\"donotautotranslate\" data-settings=\"{&quot;cards_columns&quot;:&quot;3&quot;,&quot;cards_columns_tablet&quot;:&quot;2&quot;,&quot;cards_columns_mobile&quot;:&quot;1&quot;,&quot;cards_row_gap&quot;:{&quot;unit&quot;:&quot;px&quot;,&quot;size&quot;:35,&quot;sizes&quot;:[]},&quot;cards_row_gap_tablet&quot;:{&quot;unit&quot;:&quot;px&quot;,&quot;size&quot;:&quot;&quot;,&quot;sizes&quot;:[]},&quot;cards_row_gap_mobile&quot;:{&quot;unit&quot;:&quot;px&quot;,&quot;size&quot;:&quot;&quot;,&quot;sizes&quot;:[]}}\" data-widget_type=\"posts.cards\" data-no-auto-translation=\"\">\n\t\t\t\t<div class=\"elementor-widget-container\">\n\t\t\t\t\t\t\t<div class=\"elementor-posts-container elementor-posts elementor-posts--skin-cards elementor-grid\">\n\t\t\t\t<article class=\"elementor-post elementor-grid-item post-13340 communiques_presse type-communiques_presse status-publish has-post-thumbnail hentry\">\n\t\t\t<div class=\"elementor-post__card\">\n\t\t\t\t<a class=\"elementor-post__thumbnail__link\" href=\"https:\/\/www.kapcode.fr\/en\/communiques-de-presse\/kap-code-arcascience-sallient-to-make-available-the-new-generation-tools-for-medication-monitoring\/\" tabindex=\"-1\" ><div class=\"elementor-post__thumbnail\"><img decoding=\"async\" width=\"300\" height=\"145\" src=\"https:\/\/www.kapcode.fr\/wp-content\/uploads\/2022\/06\/ArcaXKC-300x145.png\" class=\"attachment-medium size-medium wp-image-13348\" alt=\"\" srcset=\"https:\/\/www.kapcode.fr\/wp-content\/uploads\/2022\/06\/ArcaXKC-300x145.png 300w, https:\/\/www.kapcode.fr\/wp-content\/uploads\/2022\/06\/ArcaXKC-1024x493.png 1024w, https:\/\/www.kapcode.fr\/wp-content\/uploads\/2022\/06\/ArcaXKC-768x370.png 768w, https:\/\/www.kapcode.fr\/wp-content\/uploads\/2022\/06\/ArcaXKC-18x9.png 18w, https:\/\/www.kapcode.fr\/wp-content\/uploads\/2022\/06\/ArcaXKC.png 1040w\" sizes=\"(max-width: 300px) 100vw, 300px\"><\/div><\/a>\n\t\t\t\t<div class=\"elementor-post__text\">\n\t\t\t\t<h3 class=\"elementor-post__title\">\n\t\t\t<a href=\"https:\/\/www.kapcode.fr\/en\/communiques-de-presse\/kap-code-arcascience-sallient-to-make-available-the-new-generation-tools-for-medication-monitoring\/\" >\n\t\t\t\tKap Code &#038; ArcaScience s\u2019allient pour mettre \u00e0 disposition la nouvelle g\u00e9n\u00e9ration d\u2019outils de surveillance des m\u00e9dicaments\t\t\t<\/a>\n\t\t<\/h3>\n\t\t\t\t<div class=\"elementor-post__excerpt\">\n\t\t\t<p>Les startups Kap Code et ArcaScience, membres de la premi\u00e8re promotion Future4care, annoncent leur partenariat. Il d\u00e9bouchera sur la mise \u00e0 disposition de nouveaux outils de pharmacovigilance bas\u00e9s sur l\u2019intelligence artificielle.<\/p>\n\t\t<\/div>\n\t\t\n\t\t<a class=\"elementor-post__read-more\" href=\"https:\/\/www.kapcode.fr\/en\/communiques-de-presse\/kap-code-arcascience-sallient-to-make-available-the-new-generation-tools-for-medication-monitoring\/\" aria-label=\"Read more about Kap Code &#038; ArcaScience s\u2019allient pour mettre \u00e0 disposition la nouvelle g\u00e9n\u00e9ration d\u2019outils de surveillance des m\u00e9dicaments\" tabindex=\"-1\" >\n\t\t\tRead More \u00bb\t\t<\/a>\n\n\t\t\t\t<\/div>\n\t\t\t\t<div class=\"elementor-post__meta-data\">\n\t\t\t\t\t<span class=\"elementor-post-date\">\n\t\t\t28 June 2022\t\t<\/span>\n\t\t\t\t<\/div>\n\t\t\t\t\t<\/div>\n\t\t<\/article>\n\t\t\t\t<article class=\"elementor-post elementor-grid-item post-12949 communiques_presse type-communiques_presse status-publish has-post-thumbnail hentry\">\n\t\t\t<div class=\"elementor-post__card\">\n\t\t\t\t<a class=\"elementor-post__thumbnail__link\" href=\"https:\/\/www.kapcode.fr\/en\/communiques-de-presse\/kap-code-nock-lab-a-department-of-psychology-of-harvard-university-developing-algorithms-for-identifying-suicidal-thought-on-social-networks\/\" tabindex=\"-1\" ><div class=\"elementor-post__thumbnail\"><img decoding=\"async\" width=\"300\" height=\"200\" src=\"https:\/\/www.kapcode.fr\/wp-content\/uploads\/2022\/02\/pexels-alex-green-570025-300x200.jpg\" class=\"attachment-medium size-medium wp-image-13189\" alt=\"Kap Code &amp; Nock Lab, un D\u00e9partement de Psychologie de l\u2019Universit\u00e9 de Harvard d\u00e9veloppent des algorithmes pour identifier les pens\u00e9es suicidaires sur les r\u00e9seaux sociaux\" srcset=\"https:\/\/www.kapcode.fr\/wp-content\/uploads\/2022\/02\/pexels-alex-green-570025-300x200.jpg 300w, https:\/\/www.kapcode.fr\/wp-content\/uploads\/2022\/02\/pexels-alex-green-570025-1024x683.jpg 1024w, https:\/\/www.kapcode.fr\/wp-content\/uploads\/2022\/02\/pexels-alex-green-570025-768x512.jpg 768w, https:\/\/www.kapcode.fr\/wp-content\/uploads\/2022\/02\/pexels-alex-green-570025-1536x1024.jpg 1536w, https:\/\/www.kapcode.fr\/wp-content\/uploads\/2022\/02\/pexels-alex-green-570025-2048x1365.jpg 2048w, https:\/\/www.kapcode.fr\/wp-content\/uploads\/2022\/02\/pexels-alex-green-570025-18x12.jpg 18w\" sizes=\"(max-width: 300px) 100vw, 300px\" \/><\/div><\/a>\n\t\t\t\t<div class=\"elementor-post__text\">\n\t\t\t\t<h3 class=\"elementor-post__title\">\n\t\t\t<a href=\"https:\/\/www.kapcode.fr\/en\/communiques-de-presse\/kap-code-nock-lab-a-department-of-psychology-of-harvard-university-developing-algorithms-for-identifying-suicidal-thought-on-social-networks\/\" >\n\t\t\t\tKap Code and Researchers at Harvard University are developing algorithms to identify people with suicidal thoughts on social networks\t\t\t<\/a>\n\t\t<\/h3>\n\t\t\t\t<div class=\"elementor-post__excerpt\">\n\t\t\t<p>This partnership enables the combination of the suicide prevention expertise of Harvard University's Nock Lab and Kap Code's strong machine learning expertise which allows longitudinal tracking.<\/p>\n\t\t<\/div>\n\t\t\n\t\t<a class=\"elementor-post__read-more\" href=\"https:\/\/www.kapcode.fr\/en\/communiques-de-presse\/kap-code-nock-lab-a-department-of-psychology-of-harvard-university-developing-algorithms-for-identifying-suicidal-thought-on-social-networks\/\" aria-label=\"Read more about Kap Code &#038; Nock Lab, un D\u00e9partement de Psychologie de l\u2019Universit\u00e9 de Harvard d\u00e9veloppent des algorithmes pour identifier les pens\u00e9es suicidaires sur les r\u00e9seaux sociaux\" tabindex=\"-1\" >\n\t\t\tRead More \u00bb\t\t<\/a>\n\n\t\t\t\t<\/div>\n\t\t\t\t<div class=\"elementor-post__meta-data\">\n\t\t\t\t\t<span class=\"elementor-post-date\">\n\t\t\t24 February 2022\t\t<\/span>\n\t\t\t\t<\/div>\n\t\t\t\t\t<\/div>\n\t\t<\/article>\n\t\t\t\t<article class=\"elementor-post elementor-grid-item post-12904 communiques_presse type-communiques_presse status-publish has-post-thumbnail hentry\">\n\t\t\t<div class=\"elementor-post__card\">\n\t\t\t\t<a class=\"elementor-post__thumbnail__link\" href=\"https:\/\/www.kapcode.fr\/en\/communiques-de-presse\/what-we-reveal-social-networks-about-patients-covid-long\/\" tabindex=\"-1\" ><div class=\"elementor-post__thumbnail\"><img loading=\"lazy\" decoding=\"async\" width=\"300\" height=\"200\" src=\"https:\/\/www.kapcode.fr\/wp-content\/uploads\/2021\/10\/ivan-aleksic-hko-iWhYdYE-unsplas-300x200.jpg\" class=\"attachment-medium size-medium wp-image-13195\" alt=\"Ce que nous r\u00e9v\u00e8lent les r\u00e9seaux sociaux sur le v\u00e9cu des patients atteints de COVID long\" srcset=\"https:\/\/www.kapcode.fr\/wp-content\/uploads\/2021\/10\/ivan-aleksic-hko-iWhYdYE-unsplas-300x200.jpg 300w, https:\/\/www.kapcode.fr\/wp-content\/uploads\/2021\/10\/ivan-aleksic-hko-iWhYdYE-unsplas-1024x683.jpg 1024w, https:\/\/www.kapcode.fr\/wp-content\/uploads\/2021\/10\/ivan-aleksic-hko-iWhYdYE-unsplas-768x512.jpg 768w, https:\/\/www.kapcode.fr\/wp-content\/uploads\/2021\/10\/ivan-aleksic-hko-iWhYdYE-unsplas-1536x1024.jpg 1536w, https:\/\/www.kapcode.fr\/wp-content\/uploads\/2021\/10\/ivan-aleksic-hko-iWhYdYE-unsplas-2048x1366.jpg 2048w, https:\/\/www.kapcode.fr\/wp-content\/uploads\/2021\/10\/ivan-aleksic-hko-iWhYdYE-unsplas-18x12.jpg 18w\" sizes=\"(max-width: 300px) 100vw, 300px\" \/><\/div><\/a>\n\t\t\t\t<div class=\"elementor-post__text\">\n\t\t\t\t<h3 class=\"elementor-post__title\">\n\t\t\t<a href=\"https:\/\/www.kapcode.fr\/en\/communiques-de-presse\/what-we-reveal-social-networks-about-patients-covid-long\/\" >\n\t\t\t\tCe que nous r\u00e9v\u00e8lent les r\u00e9seaux sociaux sur le v\u00e9cu des patients atteints de COVID long\t\t\t<\/a>\n\t\t<\/h3>\n\t\t\t\t<div class=\"elementor-post__excerpt\">\n\t\t\t<p>Dans le cadre du projet Epilogue, Kap Code a analys\u00e9 les t\u00e9moignages en ligne des internautes pour retracer l\u2019\u00e9mergence du COVID long sur les r\u00e9seaux sociaux. Retrouvez les r\u00e9sultats de notre \u00e9tude infod\u00e9miologique sur le COVID long.<\/p>\n\t\t<\/div>\n\t\t\n\t\t<a class=\"elementor-post__read-more\" href=\"https:\/\/www.kapcode.fr\/en\/communiques-de-presse\/what-we-reveal-social-networks-about-patients-covid-long\/\" aria-label=\"Read more about Ce que nous r\u00e9v\u00e8lent les r\u00e9seaux sociaux sur le v\u00e9cu des patients atteints de COVID long\" tabindex=\"-1\" >\n\t\t\tRead More \u00bb\t\t<\/a>\n\n\t\t\t\t<\/div>\n\t\t\t\t<div class=\"elementor-post__meta-data\">\n\t\t\t\t\t<span class=\"elementor-post-date\">\n\t\t\t14 October 2021\t\t<\/span>\n\t\t\t\t<\/div>\n\t\t\t\t\t<\/div>\n\t\t<\/article>\n\t\t\t\t<\/div>\n\t\t\n\t\t\t\t\t\t<\/div>\n\t\t\t\t<\/div>\n\t\t<!-- hidden widget 12904-90554dc -->\t\t\t<\/div>\n\t\t<\/div>\n\t\t\t\t\t<\/div>\n\t\t<\/section>\n\t\t\t\t<section class=\"elementor-section elementor-top-section elementor-element elementor-element-5c9a9fa elementor-section-boxed elementor-section-height-default elementor-section-height-default\" data-id=\"5c9a9fa\" data-element_type=\"section\" data-e-type=\"section\">\n\t\t\t\t\t\t<div class=\"elementor-container elementor-column-gap-no\">\n\t\t\t\t\t<div class=\"elementor-column elementor-col-100 elementor-top-column elementor-element elementor-element-4d2c244\" data-id=\"4d2c244\" data-element_type=\"column\" data-e-type=\"column\">\n\t\t\t<div class=\"elementor-widget-wrap elementor-element-populated\">\n\t\t\t\t\t\t<section class=\"elementor-section elementor-inner-section elementor-element elementor-element-bbb01d5 elementor-section-boxed elementor-section-height-default elementor-section-height-default\" data-id=\"bbb01d5\" data-element_type=\"section\" data-e-type=\"section\" data-settings=\"{&quot;background_background&quot;:&quot;classic&quot;}\">\n\t\t\t\t\t\t<div class=\"elementor-container elementor-column-gap-no\">\n\t\t\t\t\t<div class=\"elementor-column elementor-col-100 elementor-inner-column elementor-element elementor-element-d132175\" data-id=\"d132175\" data-element_type=\"column\" data-e-type=\"column\">\n\t\t\t<div class=\"elementor-widget-wrap elementor-element-populated\">\n\t\t\t\t\t\t<div class=\"elementor-element elementor-element-c482211 elementor-widget elementor-widget-heading\" data-id=\"c482211\" data-element_type=\"widget\" data-e-type=\"widget\" data-widget_type=\"heading.default\">\n\t\t\t\t<div class=\"elementor-widget-container\">\n\t\t\t\t\t<h2 class=\"elementor-heading-title elementor-size-medium\">Press contact<\/h2>\t\t\t\t<\/div>\n\t\t\t\t<\/div>\n\t\t\t\t<div class=\"elementor-element elementor-element-2958923 elementor-widget elementor-widget-text-editor\" data-id=\"2958923\" data-element_type=\"widget\" data-e-type=\"widget\" data-widget_type=\"text-editor.default\">\n\t\t\t\t<div class=\"elementor-widget-container\">\n\t\t\t\t\t\t\t\t\tIf you have any questions or if you wish to obtain additional information, we invite you to <a href=\"https:\/\/www.kapcode.fr\/en\/contact\/\">contact us<\/a>.\t\t\t\t\t\t\t\t<\/div>\n\t\t\t\t<\/div>\n\t\t\t\t\t<\/div>\n\t\t<\/div>\n\t\t\t\t\t<\/div>\n\t\t<\/section>\n\t\t\t\t\t<\/div>\n\t\t<\/div>\n\t\t\t\t\t<\/div>\n\t\t<\/section>\n\t\t\t\t<\/div>","protected":false},"excerpt":{"rendered":"<p>In our space dedicated to media professionals, find a set of regularly updated resources. Latest press releases All press releases Press contact If you have any questions or if you wish to obtain additional information, we invite you to contact us.<\/p>","protected":false},"author":4,"featured_media":12873,"parent":0,"menu_order":0,"comment_status":"closed","ping_status":"closed","template":"","meta":{"site-sidebar-layout":"no-sidebar","site-content-layout":"page-builder","ast-site-content-layout":"default","site-content-style":"default","site-sidebar-style":"default","ast-global-header-display":"","ast-banner-title-visibility":"","ast-main-header-display":"","ast-hfb-above-header-display":"","ast-hfb-below-header-display":"","ast-hfb-mobile-header-display":"","site-post-title":"disabled","ast-breadcrumbs-content":"","ast-featured-img":"disabled","footer-sml-layout":"","ast-disable-related-posts":"","theme-transparent-header-meta":"default","adv-header-id-meta":"","stick-header-meta":"default","header-above-stick-meta":"","header-main-stick-meta":"","header-below-stick-meta":"","astra-migrate-meta-layouts":"default","ast-page-background-enabled":"default","ast-page-background-meta":{"desktop":{"background-color":"","background-image":"","background-repeat":"repeat","background-position":"center center","background-size":"auto","background-attachment":"scroll","background-type":"","background-media":"","overlay-type":"","overlay-color":"","overlay-opacity":"","overlay-gradient":""},"tablet":{"background-color":"","background-image":"","background-repeat":"repeat","background-position":"center center","background-size":"auto","background-attachment":"scroll","background-type":"","background-media":"","overlay-type":"","overlay-color":"","overlay-opacity":"","overlay-gradient":""},"mobile":{"background-color":"","background-image":"","background-repeat":"repeat","background-position":"center center","background-size":"auto","background-attachment":"scroll","background-type":"","background-media":"","overlay-type":"","overlay-color":"","overlay-opacity":"","overlay-gradient":""}},"ast-content-background-meta":{"desktop":{"background-color":"var(--ast-global-color-5)","background-image":"","background-repeat":"repeat","background-position":"center center","background-size":"auto","background-attachment":"scroll","background-type":"","background-media":"","overlay-type":"","overlay-color":"","overlay-opacity":"","overlay-gradient":""},"tablet":{"background-color":"var(--ast-global-color-5)","background-image":"","background-repeat":"repeat","background-position":"center center","background-size":"auto","background-attachment":"scroll","background-type":"","background-media":"","overlay-type":"","overlay-color":"","overlay-opacity":"","overlay-gradient":""},"mobile":{"background-color":"var(--ast-global-color-5)","background-image":"","background-repeat":"repeat","background-position":"center center","background-size":"auto","background-attachment":"scroll","background-type":"","background-media":"","overlay-type":"","overlay-color":"","overlay-opacity":"","overlay-gradient":""}},"footnotes":""},"class_list":["post-592","page","type-page","status-publish","has-post-thumbnail","hentry"],"_links":{"self":[{"href":"https:\/\/www.kapcode.fr\/en\/wp-json\/wp\/v2\/pages\/592","targetHints":{"allow":["GET"]}}],"collection":[{"href":"https:\/\/www.kapcode.fr\/en\/wp-json\/wp\/v2\/pages"}],"about":[{"href":"https:\/\/www.kapcode.fr\/en\/wp-json\/wp\/v2\/types\/page"}],"author":[{"embeddable":true,"href":"https:\/\/www.kapcode.fr\/en\/wp-json\/wp\/v2\/users\/4"}],"replies":[{"embeddable":true,"href":"https:\/\/www.kapcode.fr\/en\/wp-json\/wp\/v2\/comments?post=592"}],"version-history":[{"count":21,"href":"https:\/\/www.kapcode.fr\/en\/wp-json\/wp\/v2\/pages\/592\/revisions"}],"predecessor-version":[{"id":21753,"href":"https:\/\/www.kapcode.fr\/en\/wp-json\/wp\/v2\/pages\/592\/revisions\/21753"}],"wp:featuredmedia":[{"embeddable":true,"href":"https:\/\/www.kapcode.fr\/en\/wp-json\/wp\/v2\/media\/12873"}],"wp:attachment":[{"href":"https:\/\/www.kapcode.fr\/en\/wp-json\/wp\/v2\/media?parent=592"}],"curies":[{"name":"wp","href":"https:\/\/api.w.org\/{rel}","templated":true}]}}